{"id":440,"date":"2024-07-23T14:50:55","date_gmt":"2024-07-23T12:50:55","guid":{"rendered":"https:\/\/www.leaf.ch\/?page_id=440"},"modified":"2025-09-09T16:43:33","modified_gmt":"2025-09-09T14:43:33","slug":"leaf-gtl-fuel","status":"publish","type":"page","link":"https:\/\/www.leaf.ch\/en\/produkte\/leaf-gtl-fuel\/","title":{"rendered":"LEAF GTL Fuel"},"content":{"rendered":"<div data-elementor-type=\"wp-page\" data-elementor-id=\"440\" class=\"elementor elementor-440\" data-elementor-post-type=\"page\">\n\t\t\t\t\t\t<section class=\"elementor-section elementor-top-section elementor-element elementor-element-85a70e8 elementor-section-full_width elementor-section-height-min-height elementor-section-items-stretch elementor-section-content-middle elementor-reverse-tablet elementor-reverse-mobile elementor-section-height-default\" data-id=\"85a70e8\" data-element_type=\"section\" data-e-type=\"section\">\n\t\t\t\t\t\t<div class=\"elementor-container elementor-column-gap-no\">\n\t\t\t\t\t<div class=\"elementor-column elementor-col-50 elementor-top-column elementor-element elementor-element-44f9ee6\" data-id=\"44f9ee6\" data-element_type=\"column\" data-e-type=\"column\" data-settings=\"{&quot;background_background&quot;:&quot;classic&quot;}\">\n\t\t\t<div class=\"elementor-widget-wrap elementor-element-populated\">\n\t\t\t\t\t\t<div class=\"elementor-element elementor-element-a54428c elementor-widget elementor-widget-spacer\" data-id=\"a54428c\" data-element_type=\"widget\" data-e-type=\"widget\" data-widget_type=\"spacer.default\">\n\t\t\t\t<div class=\"elementor-widget-container\">\n\t\t\t\t\t\t\t<div class=\"elementor-spacer\">\n\t\t\t<div class=\"elementor-spacer-inner\"><\/div>\n\t\t<\/div>\n\t\t\t\t\t\t<\/div>\n\t\t\t\t<\/div>\n\t\t\t\t\t<\/div>\n\t\t<\/div>\n\t\t\t\t<div class=\"elementor-column elementor-col-50 elementor-top-column elementor-element elementor-element-d18bf86\" data-id=\"d18bf86\" data-element_type=\"column\" data-e-type=\"column\">\n\t\t\t<div class=\"elementor-widget-wrap elementor-element-populated\">\n\t\t\t\t\t\t<div class=\"elementor-element elementor-element-a559cda elementor-widget elementor-widget-heading\" data-id=\"a559cda\" data-element_type=\"widget\" data-e-type=\"widget\" data-widget_type=\"heading.default\">\n\t\t\t\t<div class=\"elementor-widget-container\">\n\t\t\t\t\t<h1 class=\"elementor-heading-title elementor-size-default\">LEAF GTL Fuel<\/h1>\t\t\t\t<\/div>\n\t\t\t\t<\/div>\n\t\t\t\t<div class=\"elementor-element elementor-element-9ad9529 elementor-widget__width-auto elementor-view-default elementor-widget elementor-widget-icon\" data-id=\"9ad9529\" data-element_type=\"widget\" data-e-type=\"widget\" data-widget_type=\"icon.default\">\n\t\t\t\t<div class=\"elementor-widget-container\">\n\t\t\t\t\t\t\t<div class=\"elementor-icon-wrapper\">\n\t\t\t<div class=\"elementor-icon\">\n\t\t\t<svg xmlns=\"http:\/\/www.w3.org\/2000\/svg\" xml:space=\"preserve\" viewbox=\"0 0 133.1 193.9\"><path d=\"M66.7 0S0 89.8 0 134.3C0 171.2 29.6 194 66.7 194c37.2 0 66.3-22.9 66.3-60.2C133.1 89.9 66.7 0 66.7 0z\"><\/path><\/svg>\t\t\t<\/div>\n\t\t<\/div>\n\t\t\t\t\t\t<\/div>\n\t\t\t\t<\/div>\n\t\t\t\t<div class=\"elementor-element elementor-element-8671823 elementor-widget__width-initial elementor-widget elementor-widget-heading\" data-id=\"8671823\" data-element_type=\"widget\" data-e-type=\"widget\" data-widget_type=\"heading.default\">\n\t\t\t\t<div class=\"elementor-widget-container\">\n\t\t\t\t\t<h4 class=\"elementor-heading-title elementor-size-default\">The clean and efficient fuel<\/h4>\t\t\t\t<\/div>\n\t\t\t\t<\/div>\n\t\t\t\t<div class=\"elementor-element elementor-element-00bf4c3 elementor-widget elementor-widget-text-editor\" data-id=\"00bf4c3\" data-element_type=\"widget\" data-e-type=\"widget\" data-widget_type=\"text-editor.default\">\n\t\t\t\t<div class=\"elementor-widget-container\">\n\t\t\t\t\t\t\t\t\t<p>LEAF GTL Fuel is an innovative synthetic fuel obtained from natural gas. It fulfils the diesel standard EN 15940 and other standards. This clean diesel substitute offers numerous advantages for industrial applications or general use.<\/p><p>GTL (Gas-to-Liquid) fuel is produced by a chemical process that converts natural gas into liquid hydrocarbons. This special composition has several decisive advantages.<\/p>\t\t\t\t\t\t\t\t<\/div>\n\t\t\t\t<\/div>\n\t\t\t\t<div class=\"elementor-element elementor-element-77583f9 elementor-align-start elementor-icon-list--layout-traditional elementor-list-item-link-full_width elementor-widget elementor-widget-icon-list\" data-id=\"77583f9\" data-element_type=\"widget\" data-e-type=\"widget\" data-widget_type=\"icon-list.default\">\n\t\t\t\t<div class=\"elementor-widget-container\">\n\t\t\t\t\t\t\t<ul class=\"elementor-icon-list-items\">\n\t\t\t\t\t\t\t<li class=\"elementor-icon-list-item\">\n\t\t\t\t\t\t\t\t\t\t\t<span class=\"elementor-icon-list-icon\">\n\t\t\t\t\t\t\t<i aria-hidden=\"true\" class=\"fas fa-plus\"><\/i>\t\t\t\t\t\t<\/span>\n\t\t\t\t\t\t\t\t\t\t<span class=\"elementor-icon-list-text\"><b>Reduced emissions:<\/b> LEAF GTL Fuel burns cleaner than conventional diesel and significantly reduces emissions of nitrogen oxides (NOx) and particulate matter (PM). This helps to improve air quality.<\/span>\n\t\t\t\t\t\t\t\t\t<\/li>\n\t\t\t\t\t\t\t\t<li class=\"elementor-icon-list-item\">\n\t\t\t\t\t\t\t\t\t\t\t<span class=\"elementor-icon-list-icon\">\n\t\t\t\t\t\t\t<i aria-hidden=\"true\" class=\"fas fa-plus\"><\/i>\t\t\t\t\t\t<\/span>\n\t\t\t\t\t\t\t\t\t\t<span class=\"elementor-icon-list-text\"><b>Biodegradable:<\/b> The fuel is non-toxic and biodegradable.<\/span>\n\t\t\t\t\t\t\t\t\t<\/li>\n\t\t\t\t\t\t\t\t<li class=\"elementor-icon-list-item\">\n\t\t\t\t\t\t\t\t\t\t\t<span class=\"elementor-icon-list-icon\">\n\t\t\t\t\t\t\t<i aria-hidden=\"true\" class=\"fas fa-plus\"><\/i>\t\t\t\t\t\t<\/span>\n\t\t\t\t\t\t\t\t\t\t<span class=\"elementor-icon-list-text\"><b>Improved performance:<\/b> LEAF GTL Fuel offers a higher cetane number, which leads to improved combustion and higher efficiency. This results in a longer engine service life and lower maintenance costs.<\/span>\n\t\t\t\t\t\t\t\t\t<\/li>\n\t\t\t\t\t\t\t\t<li class=\"elementor-icon-list-item\">\n\t\t\t\t\t\t\t\t\t\t\t<span class=\"elementor-icon-list-icon\">\n\t\t\t\t\t\t\t<i aria-hidden=\"true\" class=\"fas fa-plus\"><\/i>\t\t\t\t\t\t<\/span>\n\t\t\t\t\t\t\t\t\t\t<span class=\"elementor-icon-list-text\"><b>Long shelf life:<\/b>  LEAF GTL Fuel can be stored for decades without loss of quality, making it particularly practical for long-term applications and emergency reserves.<\/span>\n\t\t\t\t\t\t\t\t\t<\/li>\n\t\t\t\t\t\t<\/ul>\n\t\t\t\t\t\t<\/div>\n\t\t\t\t<\/div>\n\t\t\t\t\t<\/div>\n\t\t<\/div>\n\t\t\t\t\t<\/div>\n\t\t<\/section>\n\t\t\t\t<section class=\"elementor-section elementor-top-section elementor-element elementor-element-9246811 elementor-section-boxed elementor-section-height-default elementor-section-height-default\" data-id=\"9246811\" data-element_type=\"section\" data-e-type=\"section\">\n\t\t\t\t\t\t<div class=\"elementor-container elementor-column-gap-no\">\n\t\t\t\t\t<div class=\"elementor-column elementor-col-100 elementor-top-column elementor-element elementor-element-5cd8e81\" data-id=\"5cd8e81\" data-element_type=\"column\" data-e-type=\"column\">\n\t\t\t<div class=\"elementor-widget-wrap elementor-element-populated\">\n\t\t\t\t\t\t<div class=\"elementor-element elementor-element-fb7e926 elementor-widget elementor-widget-heading\" data-id=\"fb7e926\" data-element_type=\"widget\" data-e-type=\"widget\" data-widget_type=\"heading.default\">\n\t\t\t\t<div class=\"elementor-widget-container\">\n\t\t\t\t\t<h4 class=\"elementor-heading-title elementor-size-default\">Environmental friendliness<\/h4>\t\t\t\t<\/div>\n\t\t\t\t<\/div>\n\t\t\t\t<div class=\"elementor-element elementor-element-bc73603 elementor-widget elementor-widget-text-editor\" data-id=\"bc73603\" data-element_type=\"widget\" data-e-type=\"widget\" data-widget_type=\"text-editor.default\">\n\t\t\t\t<div class=\"elementor-widget-container\">\n\t\t\t\t\t\t\t\t\t<p>Clean combustion minimises harmful emissions, which benefits both the environment and people's health.<\/p>\t\t\t\t\t\t\t\t<\/div>\n\t\t\t\t<\/div>\n\t\t\t\t<div class=\"elementor-element elementor-element-c4d0150 elementor-widget elementor-widget-heading\" data-id=\"c4d0150\" data-element_type=\"widget\" data-e-type=\"widget\" data-widget_type=\"heading.default\">\n\t\t\t\t<div class=\"elementor-widget-container\">\n\t\t\t\t\t<h4 class=\"elementor-heading-title elementor-size-default\">Versatility<\/h4>\t\t\t\t<\/div>\n\t\t\t\t<\/div>\n\t\t\t\t<div class=\"elementor-element elementor-element-3edb528 elementor-widget elementor-widget-text-editor\" data-id=\"3edb528\" data-element_type=\"widget\" data-e-type=\"widget\" data-widget_type=\"text-editor.default\">\n\t\t\t\t<div class=\"elementor-widget-container\">\n\t\t\t\t\t\t\t\t\t<p>LEAF GTL Fuel can be used in a variety of applications including transport, construction, agriculture and marine. Its versatility makes it an ideal choice for numerous applications where conventional diesel is used.<\/p>\t\t\t\t\t\t\t\t<\/div>\n\t\t\t\t<\/div>\n\t\t\t\t<div class=\"elementor-element elementor-element-295bafa elementor-align-start elementor-icon-list--layout-traditional elementor-list-item-link-full_width elementor-widget elementor-widget-icon-list\" data-id=\"295bafa\" data-element_type=\"widget\" data-e-type=\"widget\" data-widget_type=\"icon-list.default\">\n\t\t\t\t<div class=\"elementor-widget-container\">\n\t\t\t\t\t\t\t<ul class=\"elementor-icon-list-items\">\n\t\t\t\t\t\t\t<li class=\"elementor-icon-list-item\">\n\t\t\t\t\t\t\t\t\t\t\t<span class=\"elementor-icon-list-icon\">\n\t\t\t\t\t\t\t<i aria-hidden=\"true\" class=\"fas fa-plus\"><\/i>\t\t\t\t\t\t<\/span>\n\t\t\t\t\t\t\t\t\t\t<span class=\"elementor-icon-list-text\"><b>Reduced emissions<\/b> for better air quality<\/span>\n\t\t\t\t\t\t\t\t\t<\/li>\n\t\t\t\t\t\t\t\t<li class=\"elementor-icon-list-item\">\n\t\t\t\t\t\t\t\t\t\t\t<span class=\"elementor-icon-list-icon\">\n\t\t\t\t\t\t\t<i aria-hidden=\"true\" class=\"fas fa-plus\"><\/i>\t\t\t\t\t\t<\/span>\n\t\t\t\t\t\t\t\t\t\t<span class=\"elementor-icon-list-text\"><b>Biodegradable and non-toxic<\/b><\/span>\n\t\t\t\t\t\t\t\t\t<\/li>\n\t\t\t\t\t\t\t\t<li class=\"elementor-icon-list-item\">\n\t\t\t\t\t\t\t\t\t\t\t<span class=\"elementor-icon-list-icon\">\n\t\t\t\t\t\t\t<i aria-hidden=\"true\" class=\"fas fa-plus\"><\/i>\t\t\t\t\t\t<\/span>\n\t\t\t\t\t\t\t\t\t\t<span class=\"elementor-icon-list-text\"><b>Improved performance<\/b> and higher efficiency<\/span>\n\t\t\t\t\t\t\t\t\t<\/li>\n\t\t\t\t\t\t\t\t<li class=\"elementor-icon-list-item\">\n\t\t\t\t\t\t\t\t\t\t\t<span class=\"elementor-icon-list-icon\">\n\t\t\t\t\t\t\t<i aria-hidden=\"true\" class=\"fas fa-plus\"><\/i>\t\t\t\t\t\t<\/span>\n\t\t\t\t\t\t\t\t\t\t<span class=\"elementor-icon-list-text\"><b>Long shelf life<\/b> without loss of quality<\/span>\n\t\t\t\t\t\t\t\t\t<\/li>\n\t\t\t\t\t\t\t\t<li class=\"elementor-icon-list-item\">\n\t\t\t\t\t\t\t\t\t\t\t<span class=\"elementor-icon-list-icon\">\n\t\t\t\t\t\t\t<i aria-hidden=\"true\" class=\"fas fa-plus\"><\/i>\t\t\t\t\t\t<\/span>\n\t\t\t\t\t\t\t\t\t\t<span class=\"elementor-icon-list-text\"><b>Versatility<\/b> in various application areas<\/span>\n\t\t\t\t\t\t\t\t\t<\/li>\n\t\t\t\t\t\t<\/ul>\n\t\t\t\t\t\t<\/div>\n\t\t\t\t<\/div>\n\t\t\t\t<div class=\"elementor-element elementor-element-ef9c35f elementor-widget elementor-widget-heading\" data-id=\"ef9c35f\" data-element_type=\"widget\" data-e-type=\"widget\" data-widget_type=\"heading.default\">\n\t\t\t\t<div class=\"elementor-widget-container\">\n\t\t\t\t\t<h5 class=\"elementor-heading-title elementor-size-default\">Opt for LEAF GTL Fuel and benefit from a fuel that optimally combines performance and environmental friendliness.<\/h5>\t\t\t\t<\/div>\n\t\t\t\t<\/div>\n\t\t\t\t\t<\/div>\n\t\t<\/div>\n\t\t\t\t\t<\/div>\n\t\t<\/section>\n\t\t\t\t<\/div>","protected":false},"excerpt":{"rendered":"<p>LEAF GTL Fuel Der saubere und effiziente Kraftstoff LEAF GTL Fuel ist ein innovativer synthetischer Kraftstoff, der aus Erdgas gewonnen wird. Er ef\u00fcllt die Diesel Norm EN 15940 und dar\u00fcber hinaus weitere Normen. Dieser saubere Dieselersatz bietet zahlreiche Vorteile f\u00fcr industrielle Anwendungen oder im allgemeinen Gebrauch. GTL (Gas-to-Liquid) Fuel wird durch einen chemischen Prozess hergestellt, [&hellip;]<\/p>\n","protected":false},"author":6,"featured_media":0,"parent":300,"menu_order":0,"comment_status":"closed","ping_status":"closed","template":"","meta":{"footnotes":""},"categories":[16],"tags":[],"class_list":["post-440","page","type-page","status-publish","hentry","category-produkte"],"yoast_head":"<!-- This site is optimized with the Yoast SEO plugin v27.3 - https:\/\/yoast.com\/product\/yoast-seo-wordpress\/ -->\n<title>LEAF GTL Fuel - LEAF<\/title>\n<meta name=\"robots\" content=\"index, follow, max-snippet:-1, max-image-preview:large, max-video-preview:-1\" \/>\n<link rel=\"canonical\" href=\"https:\/\/www.leaf.ch\/en\/products\/leaf-gtl-fuel\/\" \/>\n<meta property=\"og:locale\" content=\"en_GB\" \/>\n<meta property=\"og:type\" content=\"article\" \/>\n<meta property=\"og:title\" content=\"LEAF GTL Fuel - LEAF\" \/>\n<meta property=\"og:description\" content=\"LEAF GTL Fuel Der saubere und effiziente Kraftstoff LEAF GTL Fuel ist ein innovativer synthetischer Kraftstoff, der aus Erdgas gewonnen wird. Er ef\u00fcllt die Diesel Norm EN 15940 und dar\u00fcber hinaus weitere Normen. Dieser saubere Dieselersatz bietet zahlreiche Vorteile f\u00fcr industrielle Anwendungen oder im allgemeinen Gebrauch. GTL (Gas-to-Liquid) Fuel wird durch einen chemischen Prozess hergestellt, [&hellip;]\" \/>\n<meta property=\"og:url\" content=\"https:\/\/www.leaf.ch\/en\/products\/leaf-gtl-fuel\/\" \/>\n<meta property=\"og:site_name\" content=\"LEAF\" \/>\n<meta property=\"article:modified_time\" content=\"2025-09-09T14:43:33+00:00\" \/>\n<meta name=\"twitter:card\" content=\"summary_large_image\" \/>\n<meta name=\"twitter:label1\" content=\"Estimated reading time\" \/>\n\t<meta name=\"twitter:data1\" content=\"2 minutes\" \/>\n<script type=\"application\/ld+json\" class=\"yoast-schema-graph\">{\"@context\":\"https:\\\/\\\/schema.org\",\"@graph\":[{\"@type\":\"WebPage\",\"@id\":\"https:\\\/\\\/www.leaf.ch\\\/produkte\\\/leaf-gtl-fuel\\\/\",\"url\":\"https:\\\/\\\/www.leaf.ch\\\/produkte\\\/leaf-gtl-fuel\\\/\",\"name\":\"LEAF GTL Fuel - LEAF\",\"isPartOf\":{\"@id\":\"https:\\\/\\\/www.leaf.ch\\\/#website\"},\"datePublished\":\"2024-07-23T12:50:55+00:00\",\"dateModified\":\"2025-09-09T14:43:33+00:00\",\"breadcrumb\":{\"@id\":\"https:\\\/\\\/www.leaf.ch\\\/produkte\\\/leaf-gtl-fuel\\\/#breadcrumb\"},\"inLanguage\":\"en-GB\",\"potentialAction\":[{\"@type\":\"ReadAction\",\"target\":[\"https:\\\/\\\/www.leaf.ch\\\/produkte\\\/leaf-gtl-fuel\\\/\"]}]},{\"@type\":\"BreadcrumbList\",\"@id\":\"https:\\\/\\\/www.leaf.ch\\\/produkte\\\/leaf-gtl-fuel\\\/#breadcrumb\",\"itemListElement\":[{\"@type\":\"ListItem\",\"position\":1,\"name\":\"Startseite\",\"item\":\"https:\\\/\\\/www.leaf.ch\\\/\"},{\"@type\":\"ListItem\",\"position\":2,\"name\":\"Produkte\",\"item\":\"https:\\\/\\\/www.leaf.ch\\\/produkte\\\/\"},{\"@type\":\"ListItem\",\"position\":3,\"name\":\"LEAF GTL Fuel\"}]},{\"@type\":\"WebSite\",\"@id\":\"https:\\\/\\\/www.leaf.ch\\\/#website\",\"url\":\"https:\\\/\\\/www.leaf.ch\\\/\",\"name\":\"LEAF\",\"description\":\"Fueling the Future\",\"publisher\":{\"@id\":\"https:\\\/\\\/www.leaf.ch\\\/#organization\"},\"potentialAction\":[{\"@type\":\"SearchAction\",\"target\":{\"@type\":\"EntryPoint\",\"urlTemplate\":\"https:\\\/\\\/www.leaf.ch\\\/?s={search_term_string}\"},\"query-input\":{\"@type\":\"PropertyValueSpecification\",\"valueRequired\":true,\"valueName\":\"search_term_string\"}}],\"inLanguage\":\"en-GB\"},{\"@type\":\"Organization\",\"@id\":\"https:\\\/\\\/www.leaf.ch\\\/#organization\",\"name\":\"LEAF\",\"url\":\"https:\\\/\\\/www.leaf.ch\\\/\",\"logo\":{\"@type\":\"ImageObject\",\"inLanguage\":\"en-GB\",\"@id\":\"https:\\\/\\\/www.leaf.ch\\\/#\\\/schema\\\/logo\\\/image\\\/\",\"url\":\"https:\\\/\\\/www.leaf.ch\\\/wp-content\\\/uploads\\\/2022\\\/09\\\/leaf_logo_hor.svg\",\"contentUrl\":\"https:\\\/\\\/www.leaf.ch\\\/wp-content\\\/uploads\\\/2022\\\/09\\\/leaf_logo_hor.svg\",\"width\":263,\"height\":82,\"caption\":\"LEAF\"},\"image\":{\"@id\":\"https:\\\/\\\/www.leaf.ch\\\/#\\\/schema\\\/logo\\\/image\\\/\"}}]}<\/script>\n<!-- \/ Yoast SEO plugin. -->","yoast_head_json":{"title":"LEAF GTL Fuel - LEAF","robots":{"index":"index","follow":"follow","max-snippet":"max-snippet:-1","max-image-preview":"max-image-preview:large","max-video-preview":"max-video-preview:-1"},"canonical":"https:\/\/www.leaf.ch\/en\/products\/leaf-gtl-fuel\/","og_locale":"en_GB","og_type":"article","og_title":"LEAF GTL Fuel - LEAF","og_description":"LEAF GTL Fuel Der saubere und effiziente Kraftstoff LEAF GTL Fuel ist ein innovativer synthetischer Kraftstoff, der aus Erdgas gewonnen wird. Er ef\u00fcllt die Diesel Norm EN 15940 und dar\u00fcber hinaus weitere Normen. Dieser saubere Dieselersatz bietet zahlreiche Vorteile f\u00fcr industrielle Anwendungen oder im allgemeinen Gebrauch. GTL (Gas-to-Liquid) Fuel wird durch einen chemischen Prozess hergestellt, [&hellip;]","og_url":"https:\/\/www.leaf.ch\/en\/products\/leaf-gtl-fuel\/","og_site_name":"LEAF","article_modified_time":"2025-09-09T14:43:33+00:00","twitter_card":"summary_large_image","twitter_misc":{"Estimated reading time":"2 minutes"},"schema":{"@context":"https:\/\/schema.org","@graph":[{"@type":"WebPage","@id":"https:\/\/www.leaf.ch\/produkte\/leaf-gtl-fuel\/","url":"https:\/\/www.leaf.ch\/produkte\/leaf-gtl-fuel\/","name":"LEAF GTL Fuel - LEAF","isPartOf":{"@id":"https:\/\/www.leaf.ch\/#website"},"datePublished":"2024-07-23T12:50:55+00:00","dateModified":"2025-09-09T14:43:33+00:00","breadcrumb":{"@id":"https:\/\/www.leaf.ch\/produkte\/leaf-gtl-fuel\/#breadcrumb"},"inLanguage":"en-GB","potentialAction":[{"@type":"ReadAction","target":["https:\/\/www.leaf.ch\/produkte\/leaf-gtl-fuel\/"]}]},{"@type":"BreadcrumbList","@id":"https:\/\/www.leaf.ch\/produkte\/leaf-gtl-fuel\/#breadcrumb","itemListElement":[{"@type":"ListItem","position":1,"name":"Startseite","item":"https:\/\/www.leaf.ch\/"},{"@type":"ListItem","position":2,"name":"Produkte","item":"https:\/\/www.leaf.ch\/produkte\/"},{"@type":"ListItem","position":3,"name":"LEAF GTL Fuel"}]},{"@type":"WebSite","@id":"https:\/\/www.leaf.ch\/#website","url":"https:\/\/www.leaf.ch\/","name":"LEAF","description":"Fueling the Future","publisher":{"@id":"https:\/\/www.leaf.ch\/#organization"},"potentialAction":[{"@type":"SearchAction","target":{"@type":"EntryPoint","urlTemplate":"https:\/\/www.leaf.ch\/?s={search_term_string}"},"query-input":{"@type":"PropertyValueSpecification","valueRequired":true,"valueName":"search_term_string"}}],"inLanguage":"en-GB"},{"@type":"Organization","@id":"https:\/\/www.leaf.ch\/#organization","name":"LEAF","url":"https:\/\/www.leaf.ch\/","logo":{"@type":"ImageObject","inLanguage":"en-GB","@id":"https:\/\/www.leaf.ch\/#\/schema\/logo\/image\/","url":"https:\/\/www.leaf.ch\/wp-content\/uploads\/2022\/09\/leaf_logo_hor.svg","contentUrl":"https:\/\/www.leaf.ch\/wp-content\/uploads\/2022\/09\/leaf_logo_hor.svg","width":263,"height":82,"caption":"LEAF"},"image":{"@id":"https:\/\/www.leaf.ch\/#\/schema\/logo\/image\/"}}]}},"_links":{"self":[{"href":"https:\/\/www.leaf.ch\/en\/wp-json\/wp\/v2\/pages\/440","targetHints":{"allow":["GET"]}}],"collection":[{"href":"https:\/\/www.leaf.ch\/en\/wp-json\/wp\/v2\/pages"}],"about":[{"href":"https:\/\/www.leaf.ch\/en\/wp-json\/wp\/v2\/types\/page"}],"author":[{"embeddable":true,"href":"https:\/\/www.leaf.ch\/en\/wp-json\/wp\/v2\/users\/6"}],"replies":[{"embeddable":true,"href":"https:\/\/www.leaf.ch\/en\/wp-json\/wp\/v2\/comments?post=440"}],"version-history":[{"count":0,"href":"https:\/\/www.leaf.ch\/en\/wp-json\/wp\/v2\/pages\/440\/revisions"}],"up":[{"embeddable":true,"href":"https:\/\/www.leaf.ch\/en\/wp-json\/wp\/v2\/pages\/300"}],"wp:attachment":[{"href":"https:\/\/www.leaf.ch\/en\/wp-json\/wp\/v2\/media?parent=440"}],"wp:term":[{"taxonomy":"category","embeddable":true,"href":"https:\/\/www.leaf.ch\/en\/wp-json\/wp\/v2\/categories?post=440"},{"taxonomy":"post_tag","embeddable":true,"href":"https:\/\/www.leaf.ch\/en\/wp-json\/wp\/v2\/tags?post=440"}],"curies":[{"name":"wp","href":"https:\/\/api.w.org\/{rel}","templated":true}]}}