{"id":1187,"date":"2024-09-11T17:20:13","date_gmt":"2024-09-11T15:20:13","guid":{"rendered":"https:\/\/www.leaf.ch\/?page_id=1187"},"modified":"2025-03-07T14:06:24","modified_gmt":"2025-03-07T13:06:24","slug":"mountain-railways","status":"publish","type":"page","link":"https:\/\/www.leaf.ch\/en\/konzepte\/bergbahnen\/","title":{"rendered":"Mountain resorts"},"content":{"rendered":"<div data-elementor-type=\"wp-page\" data-elementor-id=\"1187\" class=\"elementor elementor-1187\" data-elementor-post-type=\"page\">\n\t\t\t\t\t\t<section class=\"elementor-section elementor-top-section elementor-element elementor-element-903cbeb elementor-section-full_width elementor-section-content-middle elementor-reverse-tablet elementor-reverse-mobile elementor-section-height-default elementor-section-height-default\" data-id=\"903cbeb\" data-element_type=\"section\" data-e-type=\"section\">\n\t\t\t\t\t\t<div class=\"elementor-container elementor-column-gap-no\">\n\t\t\t\t\t<div class=\"elementor-column elementor-col-100 elementor-top-column elementor-element elementor-element-771da81\" data-id=\"771da81\" data-element_type=\"column\" data-e-type=\"column\">\n\t\t\t<div class=\"elementor-widget-wrap elementor-element-populated\">\n\t\t\t\t\t\t<div class=\"elementor-element elementor-element-e4a8760 elementor-cta--layout-image-right elementor-cta--tablet-layout-image-above elementor-cta--mobile-layout-image-above elementor-cta--valign-middle elementor-cta--skin-classic elementor-animated-content elementor-widget elementor-widget-call-to-action\" data-id=\"e4a8760\" data-element_type=\"widget\" data-e-type=\"widget\" data-widget_type=\"call-to-action.default\">\n\t\t\t\t<div class=\"elementor-widget-container\">\n\t\t\t\t\t\t\t<div class=\"elementor-cta\">\n\t\t\t\t\t<div class=\"elementor-cta__bg-wrapper\">\n\t\t\t\t<div class=\"elementor-cta__bg elementor-bg\" style=\"background-image: url(https:\/\/www.leaf.ch\/wp-content\/uploads\/2024\/11\/leaf_pistenbully-vor-baeumen-abendstimmung.jpg);\" role=\"img\" aria-label=\"leaf_pistenbully-before-trees1TP9Evening mood\"><\/div>\n\t\t\t\t<div class=\"elementor-cta__bg-overlay\"><\/div>\n\t\t\t<\/div>\n\t\t\t\t\t\t\t<div class=\"elementor-cta__content\">\n\t\t\t\t\n\t\t\t\t\t\t\t\t\t<h2 class=\"elementor-cta__title elementor-cta__content-item elementor-content-item\">\n\t\t\t\t\t\tSnow Grooming: Effective greenhouse gas reduction on the mountain? It's possible - conveniently.\t\t\t\t\t<\/h2>\n\t\t\t\t\n\t\t\t\t\t\t\t\t\t<div class=\"elementor-cta__description elementor-cta__content-item elementor-content-item\">\n\t\t\t\t\t\tWith LEAF fuels, sustainability on the mountain can be improved without new investment. LEAF products are perfect for the mountain, thanks to their excellent low-temperature characteristics.\t\t\t\t\t<\/div>\n\t\t\t\t\n\t\t\t\t\t\t\t<\/div>\n\t\t\t\t\t\t<\/div>\n\t\t\t\t\t\t<\/div>\n\t\t\t\t<\/div>\n\t\t\t\t\t<\/div>\n\t\t<\/div>\n\t\t\t\t\t<\/div>\n\t\t<\/section>\n\t\t\t\t<section class=\"elementor-section elementor-top-section elementor-element elementor-element-3c33ded elementor-section-boxed elementor-section-height-default elementor-section-height-default\" data-id=\"3c33ded\" data-element_type=\"section\" data-e-type=\"section\">\n\t\t\t\t\t\t<div class=\"elementor-container elementor-column-gap-no\">\n\t\t\t\t\t<div class=\"elementor-column elementor-col-100 elementor-top-column elementor-element elementor-element-744d00a\" data-id=\"744d00a\" data-element_type=\"column\" data-e-type=\"column\">\n\t\t\t<div class=\"elementor-widget-wrap elementor-element-populated\">\n\t\t\t\t\t\t<div class=\"elementor-element elementor-element-b0e1cdf elementor-widget elementor-widget-heading\" data-id=\"b0e1cdf\" data-element_type=\"widget\" data-e-type=\"widget\" data-widget_type=\"heading.default\">\n\t\t\t\t<div class=\"elementor-widget-container\">\n\t\t\t\t\t<h5 class=\"elementor-heading-title elementor-size-default\">The conflict between nature and the management of the Alpine region is not new - but the demands of customers are. This is usually in conflict with practicality. LEAF offers customised solutions for mountain transport companies when it comes to fuels. Our innovative fuels LEAF R50 Alpine and LEAF GTL Fuel enable you to achieve the required reduction flexibly and cost-effectively, without any investment. <\/h5>\t\t\t\t<\/div>\n\t\t\t\t<\/div>\n\t\t\t\t<div class=\"elementor-element elementor-element-aeb734d elementor-widget elementor-widget-heading\" data-id=\"aeb734d\" data-element_type=\"widget\" data-e-type=\"widget\" data-widget_type=\"heading.default\">\n\t\t\t\t<div class=\"elementor-widget-container\">\n\t\t\t\t\t<h4 class=\"elementor-heading-title elementor-size-default\">Clean air, ecological progress, now possible!\n<\/h4>\t\t\t\t<\/div>\n\t\t\t\t<\/div>\n\t\t\t\t<div class=\"elementor-element elementor-element-d1d6f59 elementor-widget elementor-widget-text-editor\" data-id=\"d1d6f59\" data-element_type=\"widget\" data-e-type=\"widget\" data-widget_type=\"text-editor.default\">\n\t\t\t\t<div class=\"elementor-widget-container\">\n\t\t\t\t\t\t\t\t\t<p>The demanding work on the winter slopes requires easy handling and the highest quality.   The LEAF product range offers mountain transport companies the opportunity to minimise net CO\u2082 emissions with high-purity products made from natural gas (GTL \u2013 Gas to Liquid) and biogenic, sustainable fuels (HVO \u2013 Hydrotreated Vegetable Oil).<\/p><p>All LEAF fuels are cleaner, more efficient and reduce the operating costs of fleets through the targeted use of additives. They offer a significant reduction in CO\u2082 emissions and at the same time help to extend engine life by keeping them clean and optimising performance.<\/p>\t\t\t\t\t\t\t\t<\/div>\n\t\t\t\t<\/div>\n\t\t\t\t<div class=\"elementor-element elementor-element-968d8bd elementor-widget elementor-widget-heading\" data-id=\"968d8bd\" data-element_type=\"widget\" data-e-type=\"widget\" data-widget_type=\"heading.default\">\n\t\t\t\t<div class=\"elementor-widget-container\">\n\t\t\t\t\t<h4 class=\"elementor-heading-title elementor-size-default\">Advantages at a glance<\/h4>\t\t\t\t<\/div>\n\t\t\t\t<\/div>\n\t\t\t\t<div class=\"elementor-element elementor-element-d1fcab2 elementor-align-start elementor-icon-list--layout-traditional elementor-list-item-link-full_width elementor-widget elementor-widget-icon-list\" data-id=\"d1fcab2\" data-element_type=\"widget\" data-e-type=\"widget\" data-widget_type=\"icon-list.default\">\n\t\t\t\t<div class=\"elementor-widget-container\">\n\t\t\t\t\t\t\t<ul class=\"elementor-icon-list-items\">\n\t\t\t\t\t\t\t<li class=\"elementor-icon-list-item\">\n\t\t\t\t\t\t\t\t\t\t\t<span class=\"elementor-icon-list-icon\">\n\t\t\t\t\t\t\t<i aria-hidden=\"true\" class=\"fas fa-plus\"><\/i>\t\t\t\t\t\t<\/span>\n\t\t\t\t\t\t\t\t\t\t<span class=\"elementor-icon-list-text\"><b>Reduced emissions:<\/b> LEAF fuels reduce CO\u2082 emissions by up to 84% -  a strong argument for discerning customers.<\/span>\n\t\t\t\t\t\t\t\t\t<\/li>\n\t\t\t\t\t\t\t\t<li class=\"elementor-icon-list-item\">\n\t\t\t\t\t\t\t\t\t\t\t<span class=\"elementor-icon-list-icon\">\n\t\t\t\t\t\t\t<i aria-hidden=\"true\" class=\"fas fa-plus\"><\/i>\t\t\t\t\t\t<\/span>\n\t\t\t\t\t\t\t\t\t\t<span class=\"elementor-icon-list-text\"><b>Practicality:<\/b>  LEAF fuels are optimised for cold resistance, storage stability, purity (clean combustion, gentle on the engine) and are easy to use and require no extra investment.<\/span>\n\t\t\t\t\t\t\t\t\t<\/li>\n\t\t\t\t\t\t\t\t<li class=\"elementor-icon-list-item\">\n\t\t\t\t\t\t\t\t\t\t\t<span class=\"elementor-icon-list-icon\">\n\t\t\t\t\t\t\t<i aria-hidden=\"true\" class=\"fas fa-plus\"><\/i>\t\t\t\t\t\t<\/span>\n\t\t\t\t\t\t\t\t\t\t<span class=\"elementor-icon-list-text\"><b>Sustainable raw materials:<\/b> Biofuels are produced from sustainable raw materials that do not compete with food or animal feed production.<\/span>\n\t\t\t\t\t\t\t\t\t<\/li>\n\t\t\t\t\t\t\t\t<li class=\"elementor-icon-list-item\">\n\t\t\t\t\t\t\t\t\t\t\t<span class=\"elementor-icon-list-icon\">\n\t\t\t\t\t\t\t<i aria-hidden=\"true\" class=\"fas fa-plus\"><\/i>\t\t\t\t\t\t<\/span>\n\t\t\t\t\t\t\t\t\t\t<span class=\"elementor-icon-list-text\"><b>Compliance with standards:<\/b> All LEAF fuels fulfil the strict European and Swiss standards.<\/span>\n\t\t\t\t\t\t\t\t\t<\/li>\n\t\t\t\t\t\t\t\t<li class=\"elementor-icon-list-item\">\n\t\t\t\t\t\t\t\t\t\t\t<span class=\"elementor-icon-list-icon\">\n\t\t\t\t\t\t\t<i aria-hidden=\"true\" class=\"fas fa-plus\"><\/i>\t\t\t\t\t\t<\/span>\n\t\t\t\t\t\t\t\t\t\t<span class=\"elementor-icon-list-text\"><b>Heating on the mountain:<\/b> LEAF fuels have the same properties as conventional fuels - An additional alternative to further minimise CO\u2082 emissions.<\/span>\n\t\t\t\t\t\t\t\t\t<\/li>\n\t\t\t\t\t\t<\/ul>\n\t\t\t\t\t\t<\/div>\n\t\t\t\t<\/div>\n\t\t\t\t<div class=\"elementor-element elementor-element-fb5c497 elementor-widget elementor-widget-heading\" data-id=\"fb5c497\" data-element_type=\"widget\" data-e-type=\"widget\" data-widget_type=\"heading.default\">\n\t\t\t\t<div class=\"elementor-widget-container\">\n\t\t\t\t\t<h4 class=\"elementor-heading-title elementor-size-default\">Why LEAF for your ski resort?<\/h4>\t\t\t\t<\/div>\n\t\t\t\t<\/div>\n\t\t\t\t<div class=\"elementor-element elementor-element-26138c1 elementor-widget elementor-widget-heading\" data-id=\"26138c1\" data-element_type=\"widget\" data-e-type=\"widget\" data-widget_type=\"heading.default\">\n\t\t\t\t<div class=\"elementor-widget-container\">\n\t\t\t\t\t<h5 class=\"elementor-heading-title elementor-size-default\">Switching to environmentally friendly LEAF fuels is more than just a decision in favour of sustainability \u2013 it is a decision for the future of your company. With our customised solutions for mountain operations, you can now offer improved sustainability to your demanding customers!\n<\/h5>\t\t\t\t<\/div>\n\t\t\t\t<\/div>\n\t\t\t\t\t<\/div>\n\t\t<\/div>\n\t\t\t\t\t<\/div>\n\t\t<\/section>\n\t\t\t\t<\/div>","protected":false},"excerpt":{"rendered":"<p>Bergbahnen: Praxistaugliche Treibhausgasvermeidung am Berg? Das gibts, ganz bequem. Mit den LEAF Kraft- und Brennstoffen k\u00f6nnen Sie die \u00d6kologie am Berg ohne Investitionen in Neues steigern. Die LEAF Produkte sind f\u00fcr den kalten und harschen Alltag am Berg durch ihre hohe K\u00e4ltebest\u00e4ndigkeit und ihre Lagerstabilit\u00e4t wie geschaffen. Der Konflikt zwischen der Natur und der Bewirtschaftung [&hellip;]<\/p>\n","protected":false},"author":6,"featured_media":290,"parent":1057,"menu_order":0,"comment_status":"closed","ping_status":"closed","template":"","meta":{"footnotes":""},"categories":[11],"tags":[],"class_list":["post-1187","page","type-page","status-publish","has-post-thumbnail","hentry","category-ihr-konzept"],"yoast_head":"<!-- This site is optimized with the Yoast SEO plugin v27.3 - https:\/\/yoast.com\/product\/yoast-seo-wordpress\/ -->\n<title>Bergbahnen - LEAF<\/title>\n<meta name=\"robots\" content=\"index, follow, max-snippet:-1, max-image-preview:large, max-video-preview:-1\" \/>\n<link rel=\"canonical\" href=\"https:\/\/www.leaf.ch\/en\/concepts\/mountain-railways\/\" \/>\n<meta property=\"og:locale\" content=\"en_GB\" \/>\n<meta property=\"og:type\" content=\"article\" \/>\n<meta property=\"og:title\" content=\"Bergbahnen - LEAF\" \/>\n<meta property=\"og:description\" content=\"Bergbahnen: Praxistaugliche Treibhausgasvermeidung am Berg? Das gibts, ganz bequem. Mit den LEAF Kraft- und Brennstoffen k\u00f6nnen Sie die \u00d6kologie am Berg ohne Investitionen in Neues steigern. Die LEAF Produkte sind f\u00fcr den kalten und harschen Alltag am Berg durch ihre hohe K\u00e4ltebest\u00e4ndigkeit und ihre Lagerstabilit\u00e4t wie geschaffen. Der Konflikt zwischen der Natur und der Bewirtschaftung [&hellip;]\" \/>\n<meta property=\"og:url\" content=\"https:\/\/www.leaf.ch\/en\/concepts\/mountain-railways\/\" \/>\n<meta property=\"og:site_name\" content=\"LEAF\" \/>\n<meta property=\"article:modified_time\" content=\"2025-03-07T13:06:24+00:00\" \/>\n<meta property=\"og:image\" content=\"https:\/\/www.leaf.ch\/wp-content\/uploads\/2022\/09\/placeholder-2.png\" \/>\n\t<meta property=\"og:image:width\" content=\"1200\" \/>\n\t<meta property=\"og:image:height\" content=\"800\" \/>\n\t<meta property=\"og:image:type\" content=\"image\/png\" \/>\n<meta name=\"twitter:card\" content=\"summary_large_image\" \/>\n<meta name=\"twitter:label1\" content=\"Estimated reading time\" \/>\n\t<meta name=\"twitter:data1\" content=\"3 minutes\" \/>\n<script type=\"application\/ld+json\" class=\"yoast-schema-graph\">{\"@context\":\"https:\\\/\\\/schema.org\",\"@graph\":[{\"@type\":\"WebPage\",\"@id\":\"https:\\\/\\\/www.leaf.ch\\\/konzepte\\\/bergbahnen\\\/\",\"url\":\"https:\\\/\\\/www.leaf.ch\\\/konzepte\\\/bergbahnen\\\/\",\"name\":\"Bergbahnen - LEAF\",\"isPartOf\":{\"@id\":\"https:\\\/\\\/www.leaf.ch\\\/#website\"},\"primaryImageOfPage\":{\"@id\":\"https:\\\/\\\/www.leaf.ch\\\/konzepte\\\/bergbahnen\\\/#primaryimage\"},\"image\":{\"@id\":\"https:\\\/\\\/www.leaf.ch\\\/konzepte\\\/bergbahnen\\\/#primaryimage\"},\"thumbnailUrl\":\"https:\\\/\\\/www.leaf.ch\\\/wp-content\\\/uploads\\\/2022\\\/09\\\/placeholder-2.png\",\"datePublished\":\"2024-09-11T15:20:13+00:00\",\"dateModified\":\"2025-03-07T13:06:24+00:00\",\"breadcrumb\":{\"@id\":\"https:\\\/\\\/www.leaf.ch\\\/konzepte\\\/bergbahnen\\\/#breadcrumb\"},\"inLanguage\":\"en-GB\",\"potentialAction\":[{\"@type\":\"ReadAction\",\"target\":[\"https:\\\/\\\/www.leaf.ch\\\/konzepte\\\/bergbahnen\\\/\"]}]},{\"@type\":\"ImageObject\",\"inLanguage\":\"en-GB\",\"@id\":\"https:\\\/\\\/www.leaf.ch\\\/konzepte\\\/bergbahnen\\\/#primaryimage\",\"url\":\"https:\\\/\\\/www.leaf.ch\\\/wp-content\\\/uploads\\\/2022\\\/09\\\/placeholder-2.png\",\"contentUrl\":\"https:\\\/\\\/www.leaf.ch\\\/wp-content\\\/uploads\\\/2022\\\/09\\\/placeholder-2.png\",\"width\":1200,\"height\":800},{\"@type\":\"BreadcrumbList\",\"@id\":\"https:\\\/\\\/www.leaf.ch\\\/konzepte\\\/bergbahnen\\\/#breadcrumb\",\"itemListElement\":[{\"@type\":\"ListItem\",\"position\":1,\"name\":\"Startseite\",\"item\":\"https:\\\/\\\/www.leaf.ch\\\/\"},{\"@type\":\"ListItem\",\"position\":2,\"name\":\"Konzepte\",\"item\":\"https:\\\/\\\/www.leaf.ch\\\/konzepte\\\/\"},{\"@type\":\"ListItem\",\"position\":3,\"name\":\"Bergbahnen\"}]},{\"@type\":\"WebSite\",\"@id\":\"https:\\\/\\\/www.leaf.ch\\\/#website\",\"url\":\"https:\\\/\\\/www.leaf.ch\\\/\",\"name\":\"LEAF\",\"description\":\"Fueling the Future\",\"publisher\":{\"@id\":\"https:\\\/\\\/www.leaf.ch\\\/#organization\"},\"potentialAction\":[{\"@type\":\"SearchAction\",\"target\":{\"@type\":\"EntryPoint\",\"urlTemplate\":\"https:\\\/\\\/www.leaf.ch\\\/?s={search_term_string}\"},\"query-input\":{\"@type\":\"PropertyValueSpecification\",\"valueRequired\":true,\"valueName\":\"search_term_string\"}}],\"inLanguage\":\"en-GB\"},{\"@type\":\"Organization\",\"@id\":\"https:\\\/\\\/www.leaf.ch\\\/#organization\",\"name\":\"LEAF\",\"url\":\"https:\\\/\\\/www.leaf.ch\\\/\",\"logo\":{\"@type\":\"ImageObject\",\"inLanguage\":\"en-GB\",\"@id\":\"https:\\\/\\\/www.leaf.ch\\\/#\\\/schema\\\/logo\\\/image\\\/\",\"url\":\"https:\\\/\\\/www.leaf.ch\\\/wp-content\\\/uploads\\\/2022\\\/09\\\/leaf_logo_hor.svg\",\"contentUrl\":\"https:\\\/\\\/www.leaf.ch\\\/wp-content\\\/uploads\\\/2022\\\/09\\\/leaf_logo_hor.svg\",\"width\":263,\"height\":82,\"caption\":\"LEAF\"},\"image\":{\"@id\":\"https:\\\/\\\/www.leaf.ch\\\/#\\\/schema\\\/logo\\\/image\\\/\"}}]}<\/script>\n<!-- \/ Yoast SEO plugin. -->","yoast_head_json":{"title":"Mountain railways - LEAF","robots":{"index":"index","follow":"follow","max-snippet":"max-snippet:-1","max-image-preview":"max-image-preview:large","max-video-preview":"max-video-preview:-1"},"canonical":"https:\/\/www.leaf.ch\/en\/concepts\/mountain-railways\/","og_locale":"en_GB","og_type":"article","og_title":"Bergbahnen - LEAF","og_description":"Bergbahnen: Praxistaugliche Treibhausgasvermeidung am Berg? Das gibts, ganz bequem. Mit den LEAF Kraft- und Brennstoffen k\u00f6nnen Sie die \u00d6kologie am Berg ohne Investitionen in Neues steigern. Die LEAF Produkte sind f\u00fcr den kalten und harschen Alltag am Berg durch ihre hohe K\u00e4ltebest\u00e4ndigkeit und ihre Lagerstabilit\u00e4t wie geschaffen. Der Konflikt zwischen der Natur und der Bewirtschaftung [&hellip;]","og_url":"https:\/\/www.leaf.ch\/en\/concepts\/mountain-railways\/","og_site_name":"LEAF","article_modified_time":"2025-03-07T13:06:24+00:00","og_image":[{"width":1200,"height":800,"url":"https:\/\/www.leaf.ch\/wp-content\/uploads\/2022\/09\/placeholder-2.png","type":"image\/png"}],"twitter_card":"summary_large_image","twitter_misc":{"Estimated reading time":"3 minutes"},"schema":{"@context":"https:\/\/schema.org","@graph":[{"@type":"WebPage","@id":"https:\/\/www.leaf.ch\/konzepte\/bergbahnen\/","url":"https:\/\/www.leaf.ch\/konzepte\/bergbahnen\/","name":"Mountain railways - LEAF","isPartOf":{"@id":"https:\/\/www.leaf.ch\/#website"},"primaryImageOfPage":{"@id":"https:\/\/www.leaf.ch\/konzepte\/bergbahnen\/#primaryimage"},"image":{"@id":"https:\/\/www.leaf.ch\/konzepte\/bergbahnen\/#primaryimage"},"thumbnailUrl":"https:\/\/www.leaf.ch\/wp-content\/uploads\/2022\/09\/placeholder-2.png","datePublished":"2024-09-11T15:20:13+00:00","dateModified":"2025-03-07T13:06:24+00:00","breadcrumb":{"@id":"https:\/\/www.leaf.ch\/konzepte\/bergbahnen\/#breadcrumb"},"inLanguage":"en-GB","potentialAction":[{"@type":"ReadAction","target":["https:\/\/www.leaf.ch\/konzepte\/bergbahnen\/"]}]},{"@type":"ImageObject","inLanguage":"en-GB","@id":"https:\/\/www.leaf.ch\/konzepte\/bergbahnen\/#primaryimage","url":"https:\/\/www.leaf.ch\/wp-content\/uploads\/2022\/09\/placeholder-2.png","contentUrl":"https:\/\/www.leaf.ch\/wp-content\/uploads\/2022\/09\/placeholder-2.png","width":1200,"height":800},{"@type":"BreadcrumbList","@id":"https:\/\/www.leaf.ch\/konzepte\/bergbahnen\/#breadcrumb","itemListElement":[{"@type":"ListItem","position":1,"name":"Startseite","item":"https:\/\/www.leaf.ch\/"},{"@type":"ListItem","position":2,"name":"Konzepte","item":"https:\/\/www.leaf.ch\/konzepte\/"},{"@type":"ListItem","position":3,"name":"Bergbahnen"}]},{"@type":"WebSite","@id":"https:\/\/www.leaf.ch\/#website","url":"https:\/\/www.leaf.ch\/","name":"LEAF","description":"Fueling the Future","publisher":{"@id":"https:\/\/www.leaf.ch\/#organization"},"potentialAction":[{"@type":"SearchAction","target":{"@type":"EntryPoint","urlTemplate":"https:\/\/www.leaf.ch\/?s={search_term_string}"},"query-input":{"@type":"PropertyValueSpecification","valueRequired":true,"valueName":"search_term_string"}}],"inLanguage":"en-GB"},{"@type":"Organization","@id":"https:\/\/www.leaf.ch\/#organization","name":"LEAF","url":"https:\/\/www.leaf.ch\/","logo":{"@type":"ImageObject","inLanguage":"en-GB","@id":"https:\/\/www.leaf.ch\/#\/schema\/logo\/image\/","url":"https:\/\/www.leaf.ch\/wp-content\/uploads\/2022\/09\/leaf_logo_hor.svg","contentUrl":"https:\/\/www.leaf.ch\/wp-content\/uploads\/2022\/09\/leaf_logo_hor.svg","width":263,"height":82,"caption":"LEAF"},"image":{"@id":"https:\/\/www.leaf.ch\/#\/schema\/logo\/image\/"}}]}},"_links":{"self":[{"href":"https:\/\/www.leaf.ch\/en\/wp-json\/wp\/v2\/pages\/1187","targetHints":{"allow":["GET"]}}],"collection":[{"href":"https:\/\/www.leaf.ch\/en\/wp-json\/wp\/v2\/pages"}],"about":[{"href":"https:\/\/www.leaf.ch\/en\/wp-json\/wp\/v2\/types\/page"}],"author":[{"embeddable":true,"href":"https:\/\/www.leaf.ch\/en\/wp-json\/wp\/v2\/users\/6"}],"replies":[{"embeddable":true,"href":"https:\/\/www.leaf.ch\/en\/wp-json\/wp\/v2\/comments?post=1187"}],"version-history":[{"count":0,"href":"https:\/\/www.leaf.ch\/en\/wp-json\/wp\/v2\/pages\/1187\/revisions"}],"up":[{"embeddable":true,"href":"https:\/\/www.leaf.ch\/en\/wp-json\/wp\/v2\/pages\/1057"}],"wp:featuredmedia":[{"embeddable":true,"href":"https:\/\/www.leaf.ch\/en\/wp-json\/wp\/v2\/media\/290"}],"wp:attachment":[{"href":"https:\/\/www.leaf.ch\/en\/wp-json\/wp\/v2\/media?parent=1187"}],"wp:term":[{"taxonomy":"category","embeddable":true,"href":"https:\/\/www.leaf.ch\/en\/wp-json\/wp\/v2\/categories?post=1187"},{"taxonomy":"post_tag","embeddable":true,"href":"https:\/\/www.leaf.ch\/en\/wp-json\/wp\/v2\/tags?post=1187"}],"curies":[{"name":"wp","href":"https:\/\/api.w.org\/{rel}","templated":true}]}}