{"id":1182,"date":"2024-09-11T17:18:21","date_gmt":"2024-09-11T15:18:21","guid":{"rendered":"https:\/\/www.leaf.ch\/?page_id=1182"},"modified":"2025-03-19T11:07:40","modified_gmt":"2025-03-19T10:07:40","slug":"public-transport","status":"publish","type":"page","link":"https:\/\/www.leaf.ch\/en\/konzepte\/oeffentlicher-verkehr\/","title":{"rendered":"Public transport"},"content":{"rendered":"<div data-elementor-type=\"wp-page\" data-elementor-id=\"1182\" class=\"elementor elementor-1182\" data-elementor-post-type=\"page\">\n\t\t\t\t\t\t<section class=\"elementor-section elementor-top-section elementor-element elementor-element-8bd1cbe elementor-section-full_width elementor-section-content-middle elementor-reverse-tablet elementor-reverse-mobile elementor-section-height-default elementor-section-height-default\" data-id=\"8bd1cbe\" data-element_type=\"section\" data-e-type=\"section\">\n\t\t\t\t\t\t<div class=\"elementor-container elementor-column-gap-no\">\n\t\t\t\t\t<div class=\"elementor-column elementor-col-100 elementor-top-column elementor-element elementor-element-574efce\" data-id=\"574efce\" data-element_type=\"column\" data-e-type=\"column\">\n\t\t\t<div class=\"elementor-widget-wrap elementor-element-populated\">\n\t\t\t\t\t\t<div class=\"elementor-element elementor-element-6db3d76 elementor-cta--layout-image-right elementor-cta--tablet-layout-image-above elementor-cta--mobile-layout-image-above elementor-cta--valign-middle elementor-cta--skin-classic elementor-animated-content elementor-widget elementor-widget-call-to-action\" data-id=\"6db3d76\" data-element_type=\"widget\" data-e-type=\"widget\" data-widget_type=\"call-to-action.default\">\n\t\t\t\t<div class=\"elementor-widget-container\">\n\t\t\t\t\t\t\t<div class=\"elementor-cta\">\n\t\t\t\t\t<div class=\"elementor-cta__bg-wrapper\">\n\t\t\t\t<div class=\"elementor-cta__bg elementor-bg\" style=\"background-image: url(https:\/\/www.leaf.ch\/wp-content\/uploads\/2024\/11\/leaf_oeffentlicherverkehr-stadtbus-innen.jpg);\" role=\"img\" aria-label=\"leaf_oeffentlicherverkehr-stadtbus-innen\"><\/div>\n\t\t\t\t<div class=\"elementor-cta__bg-overlay\"><\/div>\n\t\t\t<\/div>\n\t\t\t\t\t\t\t<div class=\"elementor-cta__content\">\n\t\t\t\t\n\t\t\t\t\t\t\t\t\t<h2 class=\"elementor-cta__title elementor-cta__content-item elementor-content-item\">\n\t\t\t\t\t\tPublic transport: economic net CO\u2082 emissions reduction without investment? Possible now.\t\t\t\t\t<\/h2>\n\t\t\t\t\n\t\t\t\t\t\t\t\t\t<div class=\"elementor-cta__description elementor-cta__content-item elementor-content-item\">\n\t\t\t\t\t\tWith the LEAF products, you can immediately reduce the net CO\u2082- emissions of your fleet without investing in new equipment or retrofitting. Be part of the solution today!\t\t\t\t\t<\/div>\n\t\t\t\t\n\t\t\t\t\t\t\t<\/div>\n\t\t\t\t\t\t<\/div>\n\t\t\t\t\t\t<\/div>\n\t\t\t\t<\/div>\n\t\t\t\t\t<\/div>\n\t\t<\/div>\n\t\t\t\t\t<\/div>\n\t\t<\/section>\n\t\t\t\t<section class=\"elementor-section elementor-top-section elementor-element elementor-element-3aa436b elementor-section-boxed elementor-section-height-default elementor-section-height-default\" data-id=\"3aa436b\" data-element_type=\"section\" data-e-type=\"section\">\n\t\t\t\t\t\t<div class=\"elementor-container elementor-column-gap-no\">\n\t\t\t\t\t<div class=\"elementor-column elementor-col-100 elementor-top-column elementor-element elementor-element-b37b3e9\" data-id=\"b37b3e9\" data-element_type=\"column\" data-e-type=\"column\">\n\t\t\t<div class=\"elementor-widget-wrap elementor-element-populated\">\n\t\t\t\t\t\t<div class=\"elementor-element elementor-element-c020309 elementor-widget elementor-widget-heading\" data-id=\"c020309\" data-element_type=\"widget\" data-e-type=\"widget\" data-widget_type=\"heading.default\">\n\t\t\t\t<div class=\"elementor-widget-container\">\n\t\t\t\t\t<h5 class=\"elementor-heading-title elementor-size-default\">There is increasing pressure from politicians and the general public to reduce net CO\u2082- emissions. This usually conflicts with practicality.  The innovative fuels of the LEAF \"R\" series and LEAF \"B\" series allow you to achieve the required reduction flexibly and cost-effectively, without any investment. <\/h5>\t\t\t\t<\/div>\n\t\t\t\t<\/div>\n\t\t\t\t<div class=\"elementor-element elementor-element-837573e elementor-widget elementor-widget-heading\" data-id=\"837573e\" data-element_type=\"widget\" data-e-type=\"widget\" data-widget_type=\"heading.default\">\n\t\t\t\t<div class=\"elementor-widget-container\">\n\t\t\t\t\t<h4 class=\"elementor-heading-title elementor-size-default\">Sustainable mobility for the existing fleet\n<\/h4>\t\t\t\t<\/div>\n\t\t\t\t<\/div>\n\t\t\t\t<div class=\"elementor-element elementor-element-3d160af elementor-widget elementor-widget-text-editor\" data-id=\"3d160af\" data-element_type=\"widget\" data-e-type=\"widget\" data-widget_type=\"text-editor.default\">\n\t\t\t\t<div class=\"elementor-widget-container\">\n\t\t\t\t\t\t\t\t\t<div class=\"elementor-element elementor-element-e937919 elementor-widget elementor-widget-text-editor\" data-id=\"e937919\" data-element_type=\"widget\" data-widget_type=\"text-editor.default\"><div class=\"elementor-widget-container\"><p>Many sustainable solutions today are investment-intensive and have a long investment cycle. LEAF offers a wide range of environmentally friendly fuels that have been specially developed to meet the requirements of modern fleets. LEAF products help you to immediately reduce net CO\u2082- emissions \u2013 without investment and retrofitting.<\/p><p>All LEAF fuels are cleaner, more efficient and reduce the operating costs of fleets through the targeted use of additives. They offer a significant reduction in CO\u2082 emissions and at the same time help to extend engine life by keeping them clean and optimising performance.<\/p><\/div><\/div>\t\t\t\t\t\t\t\t<\/div>\n\t\t\t\t<\/div>\n\t\t\t\t<div class=\"elementor-element elementor-element-7bf7838 elementor-widget elementor-widget-heading\" data-id=\"7bf7838\" data-element_type=\"widget\" data-e-type=\"widget\" data-widget_type=\"heading.default\">\n\t\t\t\t<div class=\"elementor-widget-container\">\n\t\t\t\t\t<h4 class=\"elementor-heading-title elementor-size-default\">Advantages at a glance<\/h4>\t\t\t\t<\/div>\n\t\t\t\t<\/div>\n\t\t\t\t<div class=\"elementor-element elementor-element-9448d1a elementor-align-start elementor-icon-list--layout-traditional elementor-list-item-link-full_width elementor-widget elementor-widget-icon-list\" data-id=\"9448d1a\" data-element_type=\"widget\" data-e-type=\"widget\" data-widget_type=\"icon-list.default\">\n\t\t\t\t<div class=\"elementor-widget-container\">\n\t\t\t\t\t\t\t<ul class=\"elementor-icon-list-items\">\n\t\t\t\t\t\t\t<li class=\"elementor-icon-list-item\">\n\t\t\t\t\t\t\t\t\t\t\t<span class=\"elementor-icon-list-icon\">\n\t\t\t\t\t\t\t<i aria-hidden=\"true\" class=\"fas fa-plus\"><\/i>\t\t\t\t\t\t<\/span>\n\t\t\t\t\t\t\t\t\t\t<span class=\"elementor-icon-list-text\"><b>Reduced emissions:<\/b> LEAF fuels reduce net CO\u2082- emissions by up to 84%, resulting in satisfied, demanding customers and making your existing fleet fit for stricter environmental regulations.<\/span>\n\t\t\t\t\t\t\t\t\t<\/li>\n\t\t\t\t\t\t\t\t<li class=\"elementor-icon-list-item\">\n\t\t\t\t\t\t\t\t\t\t\t<span class=\"elementor-icon-list-icon\">\n\t\t\t\t\t\t\t<i aria-hidden=\"true\" class=\"fas fa-plus\"><\/i>\t\t\t\t\t\t<\/span>\n\t\t\t\t\t\t\t\t\t\t<span class=\"elementor-icon-list-text\"><b>Cost efficiency:<\/b> LEAF fuels can be used immediately in conventional diesel engines - You can maintain your usual investment cycle.<\/span>\n\t\t\t\t\t\t\t\t\t<\/li>\n\t\t\t\t\t\t\t\t<li class=\"elementor-icon-list-item\">\n\t\t\t\t\t\t\t\t\t\t\t<span class=\"elementor-icon-list-icon\">\n\t\t\t\t\t\t\t<i aria-hidden=\"true\" class=\"fas fa-plus\"><\/i>\t\t\t\t\t\t<\/span>\n\t\t\t\t\t\t\t\t\t\t<span class=\"elementor-icon-list-text\"><b>Sustainable raw materials:<\/b> Biofuels are produced from sustainable raw materials that do not compete with food or animal feed production.<\/span>\n\t\t\t\t\t\t\t\t\t<\/li>\n\t\t\t\t\t\t\t\t<li class=\"elementor-icon-list-item\">\n\t\t\t\t\t\t\t\t\t\t\t<span class=\"elementor-icon-list-icon\">\n\t\t\t\t\t\t\t<i aria-hidden=\"true\" class=\"fas fa-plus\"><\/i>\t\t\t\t\t\t<\/span>\n\t\t\t\t\t\t\t\t\t\t<span class=\"elementor-icon-list-text\"><b>Practice-orientated:<\/b> The LEAF fuel range enables a customised solution - Winter suitability, non-toxic fuels, clean combustion (air cleanliness) and much more.<\/span>\n\t\t\t\t\t\t\t\t\t<\/li>\n\t\t\t\t\t\t\t\t<li class=\"elementor-icon-list-item\">\n\t\t\t\t\t\t\t\t\t\t\t<span class=\"elementor-icon-list-icon\">\n\t\t\t\t\t\t\t<i aria-hidden=\"true\" class=\"fas fa-plus\"><\/i>\t\t\t\t\t\t<\/span>\n\t\t\t\t\t\t\t\t\t\t<span class=\"elementor-icon-list-text\"><b>Compliance with standards:<\/b> All LEAF fuels fulfil the strict European and Swiss standards.<\/span>\n\t\t\t\t\t\t\t\t\t<\/li>\n\t\t\t\t\t\t<\/ul>\n\t\t\t\t\t\t<\/div>\n\t\t\t\t<\/div>\n\t\t\t\t<div class=\"elementor-element elementor-element-8a03d4c elementor-widget elementor-widget-heading\" data-id=\"8a03d4c\" data-element_type=\"widget\" data-e-type=\"widget\" data-widget_type=\"heading.default\">\n\t\t\t\t<div class=\"elementor-widget-container\">\n\t\t\t\t\t<h4 class=\"elementor-heading-title elementor-size-default\">Why LEAF for your fleet?<\/h4>\t\t\t\t<\/div>\n\t\t\t\t<\/div>\n\t\t\t\t<div class=\"elementor-element elementor-element-121ae01 elementor-widget elementor-widget-heading\" data-id=\"121ae01\" data-element_type=\"widget\" data-e-type=\"widget\" data-widget_type=\"heading.default\">\n\t\t\t\t<div class=\"elementor-widget-container\">\n\t\t\t\t\t<h5 class=\"elementor-heading-title elementor-size-default\">Switching to environmentally friendly fuels from LEAF is more than just a\ndecision for sustainability \u2013 it is a decision for the future of your business. Be part of the solution today.<\/h5>\t\t\t\t<\/div>\n\t\t\t\t<\/div>\n\t\t\t\t\t<\/div>\n\t\t<\/div>\n\t\t\t\t\t<\/div>\n\t\t<\/section>\n\t\t\t\t<\/div>","protected":false},"excerpt":{"rendered":"<p>\u00d6ffentlicher Verkehr: Wirtschaftliche Netto CO\u2082-Emissionen Reduktion ohne Investitionen? Ab sofort m\u00f6glich. Mit den LEAF Produkten k\u00f6nnen Sie die Netto CO\u2082-Emissionen ihrer Flotte ohne Investitionen in Neues oder Umr\u00fcstung ab sofort senken. Seien Sie schon heute ein Teil der L\u00f6sung! Aus der Politik und der Bev\u00f6lkerung steigt der Druck zur Reduktion von Netto CO\u2082-Emissionen. Dies steht [&hellip;]<\/p>\n","protected":false},"author":6,"featured_media":290,"parent":1057,"menu_order":0,"comment_status":"closed","ping_status":"closed","template":"","meta":{"footnotes":""},"categories":[11],"tags":[],"class_list":["post-1182","page","type-page","status-publish","has-post-thumbnail","hentry","category-ihr-konzept"],"yoast_head":"<!-- This site is optimized with the Yoast SEO plugin v27.3 - https:\/\/yoast.com\/product\/yoast-seo-wordpress\/ -->\n<title>\u00d6ffentlicher Verkehr - LEAF<\/title>\n<meta name=\"robots\" content=\"index, follow, max-snippet:-1, max-image-preview:large, max-video-preview:-1\" \/>\n<link rel=\"canonical\" href=\"https:\/\/www.leaf.ch\/en\/concepts\/public-transport\/\" \/>\n<meta property=\"og:locale\" content=\"en_GB\" \/>\n<meta property=\"og:type\" content=\"article\" \/>\n<meta property=\"og:title\" content=\"\u00d6ffentlicher Verkehr - LEAF\" \/>\n<meta property=\"og:description\" content=\"\u00d6ffentlicher Verkehr: Wirtschaftliche Netto CO\u2082-Emissionen Reduktion ohne Investitionen? Ab sofort m\u00f6glich. Mit den LEAF Produkten k\u00f6nnen Sie die Netto CO\u2082-Emissionen ihrer Flotte ohne Investitionen in Neues oder Umr\u00fcstung ab sofort senken. Seien Sie schon heute ein Teil der L\u00f6sung! Aus der Politik und der Bev\u00f6lkerung steigt der Druck zur Reduktion von Netto CO\u2082-Emissionen. Dies steht [&hellip;]\" \/>\n<meta property=\"og:url\" content=\"https:\/\/www.leaf.ch\/en\/concepts\/public-transport\/\" \/>\n<meta property=\"og:site_name\" content=\"LEAF\" \/>\n<meta property=\"article:modified_time\" content=\"2025-03-19T10:07:40+00:00\" \/>\n<meta property=\"og:image\" content=\"https:\/\/www.leaf.ch\/wp-content\/uploads\/2022\/09\/placeholder-2.png\" \/>\n\t<meta property=\"og:image:width\" content=\"1200\" \/>\n\t<meta property=\"og:image:height\" content=\"800\" \/>\n\t<meta property=\"og:image:type\" content=\"image\/png\" \/>\n<meta name=\"twitter:card\" content=\"summary_large_image\" \/>\n<meta name=\"twitter:label1\" content=\"Estimated reading time\" \/>\n\t<meta name=\"twitter:data1\" content=\"3 minutes\" \/>\n<script type=\"application\/ld+json\" class=\"yoast-schema-graph\">{\"@context\":\"https:\\\/\\\/schema.org\",\"@graph\":[{\"@type\":\"WebPage\",\"@id\":\"https:\\\/\\\/www.leaf.ch\\\/konzepte\\\/oeffentlicher-verkehr\\\/\",\"url\":\"https:\\\/\\\/www.leaf.ch\\\/konzepte\\\/oeffentlicher-verkehr\\\/\",\"name\":\"\u00d6ffentlicher Verkehr - LEAF\",\"isPartOf\":{\"@id\":\"https:\\\/\\\/www.leaf.ch\\\/#website\"},\"primaryImageOfPage\":{\"@id\":\"https:\\\/\\\/www.leaf.ch\\\/konzepte\\\/oeffentlicher-verkehr\\\/#primaryimage\"},\"image\":{\"@id\":\"https:\\\/\\\/www.leaf.ch\\\/konzepte\\\/oeffentlicher-verkehr\\\/#primaryimage\"},\"thumbnailUrl\":\"https:\\\/\\\/www.leaf.ch\\\/wp-content\\\/uploads\\\/2022\\\/09\\\/placeholder-2.png\",\"datePublished\":\"2024-09-11T15:18:21+00:00\",\"dateModified\":\"2025-03-19T10:07:40+00:00\",\"breadcrumb\":{\"@id\":\"https:\\\/\\\/www.leaf.ch\\\/konzepte\\\/oeffentlicher-verkehr\\\/#breadcrumb\"},\"inLanguage\":\"en-GB\",\"potentialAction\":[{\"@type\":\"ReadAction\",\"target\":[\"https:\\\/\\\/www.leaf.ch\\\/konzepte\\\/oeffentlicher-verkehr\\\/\"]}]},{\"@type\":\"ImageObject\",\"inLanguage\":\"en-GB\",\"@id\":\"https:\\\/\\\/www.leaf.ch\\\/konzepte\\\/oeffentlicher-verkehr\\\/#primaryimage\",\"url\":\"https:\\\/\\\/www.leaf.ch\\\/wp-content\\\/uploads\\\/2022\\\/09\\\/placeholder-2.png\",\"contentUrl\":\"https:\\\/\\\/www.leaf.ch\\\/wp-content\\\/uploads\\\/2022\\\/09\\\/placeholder-2.png\",\"width\":1200,\"height\":800},{\"@type\":\"BreadcrumbList\",\"@id\":\"https:\\\/\\\/www.leaf.ch\\\/konzepte\\\/oeffentlicher-verkehr\\\/#breadcrumb\",\"itemListElement\":[{\"@type\":\"ListItem\",\"position\":1,\"name\":\"Startseite\",\"item\":\"https:\\\/\\\/www.leaf.ch\\\/\"},{\"@type\":\"ListItem\",\"position\":2,\"name\":\"Konzepte\",\"item\":\"https:\\\/\\\/www.leaf.ch\\\/konzepte\\\/\"},{\"@type\":\"ListItem\",\"position\":3,\"name\":\"\u00d6ffentlicher Verkehr\"}]},{\"@type\":\"WebSite\",\"@id\":\"https:\\\/\\\/www.leaf.ch\\\/#website\",\"url\":\"https:\\\/\\\/www.leaf.ch\\\/\",\"name\":\"LEAF\",\"description\":\"Fueling the Future\",\"publisher\":{\"@id\":\"https:\\\/\\\/www.leaf.ch\\\/#organization\"},\"potentialAction\":[{\"@type\":\"SearchAction\",\"target\":{\"@type\":\"EntryPoint\",\"urlTemplate\":\"https:\\\/\\\/www.leaf.ch\\\/?s={search_term_string}\"},\"query-input\":{\"@type\":\"PropertyValueSpecification\",\"valueRequired\":true,\"valueName\":\"search_term_string\"}}],\"inLanguage\":\"en-GB\"},{\"@type\":\"Organization\",\"@id\":\"https:\\\/\\\/www.leaf.ch\\\/#organization\",\"name\":\"LEAF\",\"url\":\"https:\\\/\\\/www.leaf.ch\\\/\",\"logo\":{\"@type\":\"ImageObject\",\"inLanguage\":\"en-GB\",\"@id\":\"https:\\\/\\\/www.leaf.ch\\\/#\\\/schema\\\/logo\\\/image\\\/\",\"url\":\"https:\\\/\\\/www.leaf.ch\\\/wp-content\\\/uploads\\\/2022\\\/09\\\/leaf_logo_hor.svg\",\"contentUrl\":\"https:\\\/\\\/www.leaf.ch\\\/wp-content\\\/uploads\\\/2022\\\/09\\\/leaf_logo_hor.svg\",\"width\":263,\"height\":82,\"caption\":\"LEAF\"},\"image\":{\"@id\":\"https:\\\/\\\/www.leaf.ch\\\/#\\\/schema\\\/logo\\\/image\\\/\"}}]}<\/script>\n<!-- \/ Yoast SEO plugin. -->","yoast_head_json":{"title":"Public transport - LEAF","robots":{"index":"index","follow":"follow","max-snippet":"max-snippet:-1","max-image-preview":"max-image-preview:large","max-video-preview":"max-video-preview:-1"},"canonical":"https:\/\/www.leaf.ch\/en\/concepts\/public-transport\/","og_locale":"en_GB","og_type":"article","og_title":"\u00d6ffentlicher Verkehr - LEAF","og_description":"\u00d6ffentlicher Verkehr: Wirtschaftliche Netto CO\u2082-Emissionen Reduktion ohne Investitionen? Ab sofort m\u00f6glich. Mit den LEAF Produkten k\u00f6nnen Sie die Netto CO\u2082-Emissionen ihrer Flotte ohne Investitionen in Neues oder Umr\u00fcstung ab sofort senken. Seien Sie schon heute ein Teil der L\u00f6sung! Aus der Politik und der Bev\u00f6lkerung steigt der Druck zur Reduktion von Netto CO\u2082-Emissionen. Dies steht [&hellip;]","og_url":"https:\/\/www.leaf.ch\/en\/concepts\/public-transport\/","og_site_name":"LEAF","article_modified_time":"2025-03-19T10:07:40+00:00","og_image":[{"width":1200,"height":800,"url":"https:\/\/www.leaf.ch\/wp-content\/uploads\/2022\/09\/placeholder-2.png","type":"image\/png"}],"twitter_card":"summary_large_image","twitter_misc":{"Estimated reading time":"3 minutes"},"schema":{"@context":"https:\/\/schema.org","@graph":[{"@type":"WebPage","@id":"https:\/\/www.leaf.ch\/konzepte\/oeffentlicher-verkehr\/","url":"https:\/\/www.leaf.ch\/konzepte\/oeffentlicher-verkehr\/","name":"Public transport - LEAF","isPartOf":{"@id":"https:\/\/www.leaf.ch\/#website"},"primaryImageOfPage":{"@id":"https:\/\/www.leaf.ch\/konzepte\/oeffentlicher-verkehr\/#primaryimage"},"image":{"@id":"https:\/\/www.leaf.ch\/konzepte\/oeffentlicher-verkehr\/#primaryimage"},"thumbnailUrl":"https:\/\/www.leaf.ch\/wp-content\/uploads\/2022\/09\/placeholder-2.png","datePublished":"2024-09-11T15:18:21+00:00","dateModified":"2025-03-19T10:07:40+00:00","breadcrumb":{"@id":"https:\/\/www.leaf.ch\/konzepte\/oeffentlicher-verkehr\/#breadcrumb"},"inLanguage":"en-GB","potentialAction":[{"@type":"ReadAction","target":["https:\/\/www.leaf.ch\/konzepte\/oeffentlicher-verkehr\/"]}]},{"@type":"ImageObject","inLanguage":"en-GB","@id":"https:\/\/www.leaf.ch\/konzepte\/oeffentlicher-verkehr\/#primaryimage","url":"https:\/\/www.leaf.ch\/wp-content\/uploads\/2022\/09\/placeholder-2.png","contentUrl":"https:\/\/www.leaf.ch\/wp-content\/uploads\/2022\/09\/placeholder-2.png","width":1200,"height":800},{"@type":"BreadcrumbList","@id":"https:\/\/www.leaf.ch\/konzepte\/oeffentlicher-verkehr\/#breadcrumb","itemListElement":[{"@type":"ListItem","position":1,"name":"Startseite","item":"https:\/\/www.leaf.ch\/"},{"@type":"ListItem","position":2,"name":"Konzepte","item":"https:\/\/www.leaf.ch\/konzepte\/"},{"@type":"ListItem","position":3,"name":"\u00d6ffentlicher Verkehr"}]},{"@type":"WebSite","@id":"https:\/\/www.leaf.ch\/#website","url":"https:\/\/www.leaf.ch\/","name":"LEAF","description":"Fueling the Future","publisher":{"@id":"https:\/\/www.leaf.ch\/#organization"},"potentialAction":[{"@type":"SearchAction","target":{"@type":"EntryPoint","urlTemplate":"https:\/\/www.leaf.ch\/?s={search_term_string}"},"query-input":{"@type":"PropertyValueSpecification","valueRequired":true,"valueName":"search_term_string"}}],"inLanguage":"en-GB"},{"@type":"Organization","@id":"https:\/\/www.leaf.ch\/#organization","name":"LEAF","url":"https:\/\/www.leaf.ch\/","logo":{"@type":"ImageObject","inLanguage":"en-GB","@id":"https:\/\/www.leaf.ch\/#\/schema\/logo\/image\/","url":"https:\/\/www.leaf.ch\/wp-content\/uploads\/2022\/09\/leaf_logo_hor.svg","contentUrl":"https:\/\/www.leaf.ch\/wp-content\/uploads\/2022\/09\/leaf_logo_hor.svg","width":263,"height":82,"caption":"LEAF"},"image":{"@id":"https:\/\/www.leaf.ch\/#\/schema\/logo\/image\/"}}]}},"_links":{"self":[{"href":"https:\/\/www.leaf.ch\/en\/wp-json\/wp\/v2\/pages\/1182","targetHints":{"allow":["GET"]}}],"collection":[{"href":"https:\/\/www.leaf.ch\/en\/wp-json\/wp\/v2\/pages"}],"about":[{"href":"https:\/\/www.leaf.ch\/en\/wp-json\/wp\/v2\/types\/page"}],"author":[{"embeddable":true,"href":"https:\/\/www.leaf.ch\/en\/wp-json\/wp\/v2\/users\/6"}],"replies":[{"embeddable":true,"href":"https:\/\/www.leaf.ch\/en\/wp-json\/wp\/v2\/comments?post=1182"}],"version-history":[{"count":0,"href":"https:\/\/www.leaf.ch\/en\/wp-json\/wp\/v2\/pages\/1182\/revisions"}],"up":[{"embeddable":true,"href":"https:\/\/www.leaf.ch\/en\/wp-json\/wp\/v2\/pages\/1057"}],"wp:featuredmedia":[{"embeddable":true,"href":"https:\/\/www.leaf.ch\/en\/wp-json\/wp\/v2\/media\/290"}],"wp:attachment":[{"href":"https:\/\/www.leaf.ch\/en\/wp-json\/wp\/v2\/media?parent=1182"}],"wp:term":[{"taxonomy":"category","embeddable":true,"href":"https:\/\/www.leaf.ch\/en\/wp-json\/wp\/v2\/categories?post=1182"},{"taxonomy":"post_tag","embeddable":true,"href":"https:\/\/www.leaf.ch\/en\/wp-json\/wp\/v2\/tags?post=1182"}],"curies":[{"name":"wp","href":"https:\/\/api.w.org\/{rel}","templated":true}]}}