{"id":1172,"date":"2024-09-11T17:16:12","date_gmt":"2024-09-11T15:16:12","guid":{"rendered":"https:\/\/www.leaf.ch\/?page_id=1172"},"modified":"2025-03-19T11:11:59","modified_gmt":"2025-03-19T10:11:59","slug":"heat-exchangers","status":"publish","type":"page","link":"https:\/\/www.leaf.ch\/en\/konzepte\/waermeverbunde\/","title":{"rendered":"Heat networks"},"content":{"rendered":"<div data-elementor-type=\"wp-page\" data-elementor-id=\"1172\" class=\"elementor elementor-1172\" data-elementor-post-type=\"page\">\n\t\t\t\t\t\t<section class=\"elementor-section elementor-top-section elementor-element elementor-element-79f8b1f elementor-section-full_width elementor-section-content-middle elementor-reverse-tablet elementor-reverse-mobile elementor-section-height-default elementor-section-height-default\" data-id=\"79f8b1f\" data-element_type=\"section\" data-e-type=\"section\">\n\t\t\t\t\t\t<div class=\"elementor-container elementor-column-gap-no\">\n\t\t\t\t\t<div class=\"elementor-column elementor-col-100 elementor-top-column elementor-element elementor-element-99f999c\" data-id=\"99f999c\" data-element_type=\"column\" data-e-type=\"column\">\n\t\t\t<div class=\"elementor-widget-wrap elementor-element-populated\">\n\t\t\t\t\t\t<div class=\"elementor-element elementor-element-907000e elementor-cta--layout-image-right elementor-cta--tablet-layout-image-above elementor-cta--mobile-layout-image-above elementor-cta--valign-middle elementor-cta--skin-classic elementor-animated-content elementor-widget elementor-widget-call-to-action\" data-id=\"907000e\" data-element_type=\"widget\" data-e-type=\"widget\" data-widget_type=\"call-to-action.default\">\n\t\t\t\t<div class=\"elementor-widget-container\">\n\t\t\t\t\t\t\t<div class=\"elementor-cta\">\n\t\t\t\t\t<div class=\"elementor-cta__bg-wrapper\">\n\t\t\t\t<div class=\"elementor-cta__bg elementor-bg\" style=\"background-image: url(https:\/\/www.leaf.ch\/wp-content\/uploads\/2024\/11\/leaf_waermeverbund-innen-klein.jpg);\" role=\"img\" aria-label=\"leaf_waermeverbund-innen-klein\"><\/div>\n\t\t\t\t<div class=\"elementor-cta__bg-overlay\"><\/div>\n\t\t\t<\/div>\n\t\t\t\t\t\t\t<div class=\"elementor-cta__content\">\n\t\t\t\t\n\t\t\t\t\t\t\t\t\t<h2 class=\"elementor-cta__title elementor-cta__content-item elementor-content-item\">\n\t\t\t\t\t\tHeat networks: ecological even at peak load? Yes, of course!\t\t\t\t\t<\/h2>\n\t\t\t\t\n\t\t\t\t\t\t\t\t\t<div class=\"elementor-cta__description elementor-cta__content-item elementor-content-item\">\n\t\t\t\t\t\tWith the LEAF product range, you can immediately reduce net CO\u20821TP9 emissions without investing in new equipment or retrofitting. Peak load coverage can be achieved without fossil fuels. The products are stable in storage and can be customised. Improved combustion also saves costs during maintenance intervals.\t\t\t\t\t<\/div>\n\t\t\t\t\n\t\t\t\t\t\t\t<\/div>\n\t\t\t\t\t\t<\/div>\n\t\t\t\t\t\t<\/div>\n\t\t\t\t<\/div>\n\t\t\t\t\t<\/div>\n\t\t<\/div>\n\t\t\t\t\t<\/div>\n\t\t<\/section>\n\t\t\t\t<section class=\"elementor-section elementor-top-section elementor-element elementor-element-7e61f72 elementor-section-boxed elementor-section-height-default elementor-section-height-default\" data-id=\"7e61f72\" data-element_type=\"section\" data-e-type=\"section\">\n\t\t\t\t\t\t<div class=\"elementor-container elementor-column-gap-no\">\n\t\t\t\t\t<div class=\"elementor-column elementor-col-100 elementor-top-column elementor-element elementor-element-7927e75\" data-id=\"7927e75\" data-element_type=\"column\" data-e-type=\"column\">\n\t\t\t<div class=\"elementor-widget-wrap elementor-element-populated\">\n\t\t\t\t\t\t<div class=\"elementor-element elementor-element-10efd42 elementor-widget elementor-widget-heading\" data-id=\"10efd42\" data-element_type=\"widget\" data-e-type=\"widget\" data-widget_type=\"heading.default\">\n\t\t\t\t<div class=\"elementor-widget-container\">\n\t\t\t\t\t<h5 class=\"elementor-heading-title elementor-size-default\">Demanding customers are increasing the pressure to reduce net CO\u2082- emissions. This usually conflicts with practicality. LEAF offers customised solutions for heating networks to cover peak loads. LEAF's innovative fuels enable you to achieve the required reduction flexibly and cost-effectively, without any investment. <\/h5>\t\t\t\t<\/div>\n\t\t\t\t<\/div>\n\t\t\t\t<div class=\"elementor-element elementor-element-f9cbbf2 elementor-widget elementor-widget-heading\" data-id=\"f9cbbf2\" data-element_type=\"widget\" data-e-type=\"widget\" data-widget_type=\"heading.default\">\n\t\t\t\t<div class=\"elementor-widget-container\">\n\t\t\t\t\t<h4 class=\"elementor-heading-title elementor-size-default\">Sustainable heat even on peak days\n<\/h4>\t\t\t\t<\/div>\n\t\t\t\t<\/div>\n\t\t\t\t<div class=\"elementor-element elementor-element-072b7fd elementor-widget elementor-widget-text-editor\" data-id=\"072b7fd\" data-element_type=\"widget\" data-e-type=\"widget\" data-widget_type=\"text-editor.default\">\n\t\t\t\t<div class=\"elementor-widget-container\">\n\t\t\t\t\t\t\t\t\t<p>Heat networks promise more ecology than they can deliver. This is due to peak days when there is not enough primary energy and additional heat is generated using fossil fuels. LEAF fuels are the solution \u2013 they are storage-stable and highly pure, they protect the burners and thanks to their biogenic content you can reduce net CO\u2082- emissions \u2013 by up to 84%!<\/p><p>The fuels can be used immediately without any additional investment or modifications. There is no need to empty the tank or change any settings. Nothing changes for your service crew.<\/p>\t\t\t\t\t\t\t\t<\/div>\n\t\t\t\t<\/div>\n\t\t\t\t<div class=\"elementor-element elementor-element-135b6bd elementor-widget elementor-widget-heading\" data-id=\"135b6bd\" data-element_type=\"widget\" data-e-type=\"widget\" data-widget_type=\"heading.default\">\n\t\t\t\t<div class=\"elementor-widget-container\">\n\t\t\t\t\t<h4 class=\"elementor-heading-title elementor-size-default\">Advantages at a glance<\/h4>\t\t\t\t<\/div>\n\t\t\t\t<\/div>\n\t\t\t\t<div class=\"elementor-element elementor-element-d6ecc98 elementor-align-start elementor-icon-list--layout-traditional elementor-list-item-link-full_width elementor-widget elementor-widget-icon-list\" data-id=\"d6ecc98\" data-element_type=\"widget\" data-e-type=\"widget\" data-widget_type=\"icon-list.default\">\n\t\t\t\t<div class=\"elementor-widget-container\">\n\t\t\t\t\t\t\t<ul class=\"elementor-icon-list-items\">\n\t\t\t\t\t\t\t<li class=\"elementor-icon-list-item\">\n\t\t\t\t\t\t\t\t\t\t\t<span class=\"elementor-icon-list-icon\">\n\t\t\t\t\t\t\t<i aria-hidden=\"true\" class=\"fas fa-plus\"><\/i>\t\t\t\t\t\t<\/span>\n\t\t\t\t\t\t\t\t\t\t<span class=\"elementor-icon-list-text\"><b>Reduced emissions:<\/b> LEAF fuels reduce CO\u2082- emissions by up to 84%, resulting in satisfied, demanding customers and making your heating network fit for stricter environmental regulations.<\/span>\n\t\t\t\t\t\t\t\t\t<\/li>\n\t\t\t\t\t\t\t\t<li class=\"elementor-icon-list-item\">\n\t\t\t\t\t\t\t\t\t\t\t<span class=\"elementor-icon-list-icon\">\n\t\t\t\t\t\t\t<i aria-hidden=\"true\" class=\"fas fa-plus\"><\/i>\t\t\t\t\t\t<\/span>\n\t\t\t\t\t\t\t\t\t\t<span class=\"elementor-icon-list-text\"><b>Cost efficiency:<\/b>  LEAF fuels are available in various mixing ratios. This allows you to conveniently control the optimum cost efficiency over the entire annual volume.<\/span>\n\t\t\t\t\t\t\t\t\t<\/li>\n\t\t\t\t\t\t\t\t<li class=\"elementor-icon-list-item\">\n\t\t\t\t\t\t\t\t\t\t\t<span class=\"elementor-icon-list-icon\">\n\t\t\t\t\t\t\t<i aria-hidden=\"true\" class=\"fas fa-plus\"><\/i>\t\t\t\t\t\t<\/span>\n\t\t\t\t\t\t\t\t\t\t<span class=\"elementor-icon-list-text\"><b>Sustainable raw materials:<\/b> Biofuels are produced from sustainable raw materials that do not compete with food- or animal feed production.<\/span>\n\t\t\t\t\t\t\t\t\t<\/li>\n\t\t\t\t\t\t<\/ul>\n\t\t\t\t\t\t<\/div>\n\t\t\t\t<\/div>\n\t\t\t\t<div class=\"elementor-element elementor-element-f37a766 elementor-widget elementor-widget-heading\" data-id=\"f37a766\" data-element_type=\"widget\" data-e-type=\"widget\" data-widget_type=\"heading.default\">\n\t\t\t\t<div class=\"elementor-widget-container\">\n\t\t\t\t\t<h4 class=\"elementor-heading-title elementor-size-default\">Why LEAF for your heating network?<\/h4>\t\t\t\t<\/div>\n\t\t\t\t<\/div>\n\t\t\t\t<div class=\"elementor-element elementor-element-9803c57 elementor-widget elementor-widget-heading\" data-id=\"9803c57\" data-element_type=\"widget\" data-e-type=\"widget\" data-widget_type=\"heading.default\">\n\t\t\t\t<div class=\"elementor-widget-container\">\n\t\t\t\t\t<h5 class=\"elementor-heading-title elementor-size-default\">Switching to environmentally friendly fuels from LEAF is more than a decision for sustainability \u2013 it is a decision for the future of your heating network. With our customised solutions, you can score points without investment - Be part of today's solution - the pragmatic solution.\n<\/h5>\t\t\t\t<\/div>\n\t\t\t\t<\/div>\n\t\t\t\t\t<\/div>\n\t\t<\/div>\n\t\t\t\t\t<\/div>\n\t\t<\/section>\n\t\t\t\t<\/div>","protected":false},"excerpt":{"rendered":"<p>W\u00e4rmeverbunde: Auch in der Spitzenlast \u00f6kologisch? Ja klar! Mit der LEAF Produktepalette k\u00f6nnen Sie die Netto CO\u2082-Emissionen ohne Investitionen in Neues oder Umr\u00fcstung ab sofort senken. Die Spitzenlastabdeckung kann ohne fossile Brennstoffe erfolgen. Die Produkte sind lagerstabil und individuell anpassbar. Verbesserte Verbrennung spart zus\u00e4tzlich Kosten beim Wartungsintervall. Anspruchsvolle Kunden erh\u00f6hen den Druck zur Reduktion von [&hellip;]<\/p>\n","protected":false},"author":6,"featured_media":290,"parent":1057,"menu_order":0,"comment_status":"closed","ping_status":"closed","template":"","meta":{"footnotes":""},"categories":[11],"tags":[],"class_list":["post-1172","page","type-page","status-publish","has-post-thumbnail","hentry","category-ihr-konzept"],"yoast_head":"<!-- This site is optimized with the Yoast SEO plugin v27.3 - https:\/\/yoast.com\/product\/yoast-seo-wordpress\/ -->\n<title>W\u00e4rmeverbunde - LEAF<\/title>\n<meta name=\"robots\" content=\"index, follow, max-snippet:-1, max-image-preview:large, max-video-preview:-1\" \/>\n<link rel=\"canonical\" href=\"https:\/\/www.leaf.ch\/en\/concepts\/heat-exchangers\/\" \/>\n<meta property=\"og:locale\" content=\"en_GB\" \/>\n<meta property=\"og:type\" content=\"article\" \/>\n<meta property=\"og:title\" content=\"W\u00e4rmeverbunde - LEAF\" \/>\n<meta property=\"og:description\" content=\"W\u00e4rmeverbunde: Auch in der Spitzenlast \u00f6kologisch? Ja klar! Mit der LEAF Produktepalette k\u00f6nnen Sie die Netto CO\u2082-Emissionen ohne Investitionen in Neues oder Umr\u00fcstung ab sofort senken. Die Spitzenlastabdeckung kann ohne fossile Brennstoffe erfolgen. Die Produkte sind lagerstabil und individuell anpassbar. Verbesserte Verbrennung spart zus\u00e4tzlich Kosten beim Wartungsintervall. Anspruchsvolle Kunden erh\u00f6hen den Druck zur Reduktion von [&hellip;]\" \/>\n<meta property=\"og:url\" content=\"https:\/\/www.leaf.ch\/en\/concepts\/heat-exchangers\/\" \/>\n<meta property=\"og:site_name\" content=\"LEAF\" \/>\n<meta property=\"article:modified_time\" content=\"2025-03-19T10:11:59+00:00\" \/>\n<meta property=\"og:image\" content=\"https:\/\/www.leaf.ch\/wp-content\/uploads\/2022\/09\/placeholder-2.png\" \/>\n\t<meta property=\"og:image:width\" content=\"1200\" \/>\n\t<meta property=\"og:image:height\" content=\"800\" \/>\n\t<meta property=\"og:image:type\" content=\"image\/png\" \/>\n<meta name=\"twitter:card\" content=\"summary_large_image\" \/>\n<meta name=\"twitter:label1\" content=\"Estimated reading time\" \/>\n\t<meta name=\"twitter:data1\" content=\"2 minutes\" \/>\n<script type=\"application\/ld+json\" class=\"yoast-schema-graph\">{\"@context\":\"https:\\\/\\\/schema.org\",\"@graph\":[{\"@type\":\"WebPage\",\"@id\":\"https:\\\/\\\/www.leaf.ch\\\/konzepte\\\/waermeverbunde\\\/\",\"url\":\"https:\\\/\\\/www.leaf.ch\\\/konzepte\\\/waermeverbunde\\\/\",\"name\":\"W\u00e4rmeverbunde - LEAF\",\"isPartOf\":{\"@id\":\"https:\\\/\\\/www.leaf.ch\\\/#website\"},\"primaryImageOfPage\":{\"@id\":\"https:\\\/\\\/www.leaf.ch\\\/konzepte\\\/waermeverbunde\\\/#primaryimage\"},\"image\":{\"@id\":\"https:\\\/\\\/www.leaf.ch\\\/konzepte\\\/waermeverbunde\\\/#primaryimage\"},\"thumbnailUrl\":\"https:\\\/\\\/www.leaf.ch\\\/wp-content\\\/uploads\\\/2022\\\/09\\\/placeholder-2.png\",\"datePublished\":\"2024-09-11T15:16:12+00:00\",\"dateModified\":\"2025-03-19T10:11:59+00:00\",\"breadcrumb\":{\"@id\":\"https:\\\/\\\/www.leaf.ch\\\/konzepte\\\/waermeverbunde\\\/#breadcrumb\"},\"inLanguage\":\"en-GB\",\"potentialAction\":[{\"@type\":\"ReadAction\",\"target\":[\"https:\\\/\\\/www.leaf.ch\\\/konzepte\\\/waermeverbunde\\\/\"]}]},{\"@type\":\"ImageObject\",\"inLanguage\":\"en-GB\",\"@id\":\"https:\\\/\\\/www.leaf.ch\\\/konzepte\\\/waermeverbunde\\\/#primaryimage\",\"url\":\"https:\\\/\\\/www.leaf.ch\\\/wp-content\\\/uploads\\\/2022\\\/09\\\/placeholder-2.png\",\"contentUrl\":\"https:\\\/\\\/www.leaf.ch\\\/wp-content\\\/uploads\\\/2022\\\/09\\\/placeholder-2.png\",\"width\":1200,\"height\":800},{\"@type\":\"BreadcrumbList\",\"@id\":\"https:\\\/\\\/www.leaf.ch\\\/konzepte\\\/waermeverbunde\\\/#breadcrumb\",\"itemListElement\":[{\"@type\":\"ListItem\",\"position\":1,\"name\":\"Startseite\",\"item\":\"https:\\\/\\\/www.leaf.ch\\\/\"},{\"@type\":\"ListItem\",\"position\":2,\"name\":\"Konzepte\",\"item\":\"https:\\\/\\\/www.leaf.ch\\\/konzepte\\\/\"},{\"@type\":\"ListItem\",\"position\":3,\"name\":\"W\u00e4rmeverbunde\"}]},{\"@type\":\"WebSite\",\"@id\":\"https:\\\/\\\/www.leaf.ch\\\/#website\",\"url\":\"https:\\\/\\\/www.leaf.ch\\\/\",\"name\":\"LEAF\",\"description\":\"Fueling the Future\",\"publisher\":{\"@id\":\"https:\\\/\\\/www.leaf.ch\\\/#organization\"},\"potentialAction\":[{\"@type\":\"SearchAction\",\"target\":{\"@type\":\"EntryPoint\",\"urlTemplate\":\"https:\\\/\\\/www.leaf.ch\\\/?s={search_term_string}\"},\"query-input\":{\"@type\":\"PropertyValueSpecification\",\"valueRequired\":true,\"valueName\":\"search_term_string\"}}],\"inLanguage\":\"en-GB\"},{\"@type\":\"Organization\",\"@id\":\"https:\\\/\\\/www.leaf.ch\\\/#organization\",\"name\":\"LEAF\",\"url\":\"https:\\\/\\\/www.leaf.ch\\\/\",\"logo\":{\"@type\":\"ImageObject\",\"inLanguage\":\"en-GB\",\"@id\":\"https:\\\/\\\/www.leaf.ch\\\/#\\\/schema\\\/logo\\\/image\\\/\",\"url\":\"https:\\\/\\\/www.leaf.ch\\\/wp-content\\\/uploads\\\/2022\\\/09\\\/leaf_logo_hor.svg\",\"contentUrl\":\"https:\\\/\\\/www.leaf.ch\\\/wp-content\\\/uploads\\\/2022\\\/09\\\/leaf_logo_hor.svg\",\"width\":263,\"height\":82,\"caption\":\"LEAF\"},\"image\":{\"@id\":\"https:\\\/\\\/www.leaf.ch\\\/#\\\/schema\\\/logo\\\/image\\\/\"}}]}<\/script>\n<!-- \/ Yoast SEO plugin. -->","yoast_head_json":{"title":"Heat exchangers - LEAF","robots":{"index":"index","follow":"follow","max-snippet":"max-snippet:-1","max-image-preview":"max-image-preview:large","max-video-preview":"max-video-preview:-1"},"canonical":"https:\/\/www.leaf.ch\/en\/concepts\/heat-exchangers\/","og_locale":"en_GB","og_type":"article","og_title":"W\u00e4rmeverbunde - LEAF","og_description":"W\u00e4rmeverbunde: Auch in der Spitzenlast \u00f6kologisch? Ja klar! Mit der LEAF Produktepalette k\u00f6nnen Sie die Netto CO\u2082-Emissionen ohne Investitionen in Neues oder Umr\u00fcstung ab sofort senken. Die Spitzenlastabdeckung kann ohne fossile Brennstoffe erfolgen. Die Produkte sind lagerstabil und individuell anpassbar. Verbesserte Verbrennung spart zus\u00e4tzlich Kosten beim Wartungsintervall. Anspruchsvolle Kunden erh\u00f6hen den Druck zur Reduktion von [&hellip;]","og_url":"https:\/\/www.leaf.ch\/en\/concepts\/heat-exchangers\/","og_site_name":"LEAF","article_modified_time":"2025-03-19T10:11:59+00:00","og_image":[{"width":1200,"height":800,"url":"https:\/\/www.leaf.ch\/wp-content\/uploads\/2022\/09\/placeholder-2.png","type":"image\/png"}],"twitter_card":"summary_large_image","twitter_misc":{"Estimated reading time":"2 minutes"},"schema":{"@context":"https:\/\/schema.org","@graph":[{"@type":"WebPage","@id":"https:\/\/www.leaf.ch\/konzepte\/waermeverbunde\/","url":"https:\/\/www.leaf.ch\/konzepte\/waermeverbunde\/","name":"Heat exchangers - LEAF","isPartOf":{"@id":"https:\/\/www.leaf.ch\/#website"},"primaryImageOfPage":{"@id":"https:\/\/www.leaf.ch\/konzepte\/waermeverbunde\/#primaryimage"},"image":{"@id":"https:\/\/www.leaf.ch\/konzepte\/waermeverbunde\/#primaryimage"},"thumbnailUrl":"https:\/\/www.leaf.ch\/wp-content\/uploads\/2022\/09\/placeholder-2.png","datePublished":"2024-09-11T15:16:12+00:00","dateModified":"2025-03-19T10:11:59+00:00","breadcrumb":{"@id":"https:\/\/www.leaf.ch\/konzepte\/waermeverbunde\/#breadcrumb"},"inLanguage":"en-GB","potentialAction":[{"@type":"ReadAction","target":["https:\/\/www.leaf.ch\/konzepte\/waermeverbunde\/"]}]},{"@type":"ImageObject","inLanguage":"en-GB","@id":"https:\/\/www.leaf.ch\/konzepte\/waermeverbunde\/#primaryimage","url":"https:\/\/www.leaf.ch\/wp-content\/uploads\/2022\/09\/placeholder-2.png","contentUrl":"https:\/\/www.leaf.ch\/wp-content\/uploads\/2022\/09\/placeholder-2.png","width":1200,"height":800},{"@type":"BreadcrumbList","@id":"https:\/\/www.leaf.ch\/konzepte\/waermeverbunde\/#breadcrumb","itemListElement":[{"@type":"ListItem","position":1,"name":"Startseite","item":"https:\/\/www.leaf.ch\/"},{"@type":"ListItem","position":2,"name":"Konzepte","item":"https:\/\/www.leaf.ch\/konzepte\/"},{"@type":"ListItem","position":3,"name":"W\u00e4rmeverbunde"}]},{"@type":"WebSite","@id":"https:\/\/www.leaf.ch\/#website","url":"https:\/\/www.leaf.ch\/","name":"LEAF","description":"Fueling the Future","publisher":{"@id":"https:\/\/www.leaf.ch\/#organization"},"potentialAction":[{"@type":"SearchAction","target":{"@type":"EntryPoint","urlTemplate":"https:\/\/www.leaf.ch\/?s={search_term_string}"},"query-input":{"@type":"PropertyValueSpecification","valueRequired":true,"valueName":"search_term_string"}}],"inLanguage":"en-GB"},{"@type":"Organization","@id":"https:\/\/www.leaf.ch\/#organization","name":"LEAF","url":"https:\/\/www.leaf.ch\/","logo":{"@type":"ImageObject","inLanguage":"en-GB","@id":"https:\/\/www.leaf.ch\/#\/schema\/logo\/image\/","url":"https:\/\/www.leaf.ch\/wp-content\/uploads\/2022\/09\/leaf_logo_hor.svg","contentUrl":"https:\/\/www.leaf.ch\/wp-content\/uploads\/2022\/09\/leaf_logo_hor.svg","width":263,"height":82,"caption":"LEAF"},"image":{"@id":"https:\/\/www.leaf.ch\/#\/schema\/logo\/image\/"}}]}},"_links":{"self":[{"href":"https:\/\/www.leaf.ch\/en\/wp-json\/wp\/v2\/pages\/1172","targetHints":{"allow":["GET"]}}],"collection":[{"href":"https:\/\/www.leaf.ch\/en\/wp-json\/wp\/v2\/pages"}],"about":[{"href":"https:\/\/www.leaf.ch\/en\/wp-json\/wp\/v2\/types\/page"}],"author":[{"embeddable":true,"href":"https:\/\/www.leaf.ch\/en\/wp-json\/wp\/v2\/users\/6"}],"replies":[{"embeddable":true,"href":"https:\/\/www.leaf.ch\/en\/wp-json\/wp\/v2\/comments?post=1172"}],"version-history":[{"count":0,"href":"https:\/\/www.leaf.ch\/en\/wp-json\/wp\/v2\/pages\/1172\/revisions"}],"up":[{"embeddable":true,"href":"https:\/\/www.leaf.ch\/en\/wp-json\/wp\/v2\/pages\/1057"}],"wp:featuredmedia":[{"embeddable":true,"href":"https:\/\/www.leaf.ch\/en\/wp-json\/wp\/v2\/media\/290"}],"wp:attachment":[{"href":"https:\/\/www.leaf.ch\/en\/wp-json\/wp\/v2\/media?parent=1172"}],"wp:term":[{"taxonomy":"category","embeddable":true,"href":"https:\/\/www.leaf.ch\/en\/wp-json\/wp\/v2\/categories?post=1172"},{"taxonomy":"post_tag","embeddable":true,"href":"https:\/\/www.leaf.ch\/en\/wp-json\/wp\/v2\/tags?post=1172"}],"curies":[{"name":"wp","href":"https:\/\/api.w.org\/{rel}","templated":true}]}}