{"id":1167,"date":"2024-09-11T17:15:14","date_gmt":"2024-09-11T15:15:14","guid":{"rendered":"https:\/\/www.leaf.ch\/?page_id=1167"},"modified":"2025-03-11T14:39:11","modified_gmt":"2025-03-11T13:39:11","slug":"municipality-and-municipal-utilities","status":"publish","type":"page","link":"https:\/\/www.leaf.ch\/en\/konzepte\/gemeinde-und-stadtwerke\/","title":{"rendered":"Municipality- and municipal utilities"},"content":{"rendered":"<div data-elementor-type=\"wp-page\" data-elementor-id=\"1167\" class=\"elementor elementor-1167\" data-elementor-post-type=\"page\">\n\t\t\t\t\t\t<section class=\"elementor-section elementor-top-section elementor-element elementor-element-4100d43 elementor-section-full_width elementor-section-content-middle elementor-reverse-tablet elementor-reverse-mobile elementor-section-height-default elementor-section-height-default\" data-id=\"4100d43\" data-element_type=\"section\" data-e-type=\"section\">\n\t\t\t\t\t\t<div class=\"elementor-container elementor-column-gap-no\">\n\t\t\t\t\t<div class=\"elementor-column elementor-col-100 elementor-top-column elementor-element elementor-element-3c566c1\" data-id=\"3c566c1\" data-element_type=\"column\" data-e-type=\"column\">\n\t\t\t<div class=\"elementor-widget-wrap elementor-element-populated\">\n\t\t\t\t\t\t<div class=\"elementor-element elementor-element-3101949 elementor-cta--layout-image-right elementor-cta--tablet-layout-image-above elementor-cta--mobile-layout-image-above elementor-cta--valign-middle elementor-cta--skin-classic elementor-animated-content elementor-widget elementor-widget-call-to-action\" data-id=\"3101949\" data-element_type=\"widget\" data-e-type=\"widget\" data-widget_type=\"call-to-action.default\">\n\t\t\t\t<div class=\"elementor-widget-container\">\n\t\t\t\t\t\t\t<div class=\"elementor-cta\">\n\t\t\t\t\t<div class=\"elementor-cta__bg-wrapper\">\n\t\t\t\t<div class=\"elementor-cta__bg elementor-bg\" style=\"background-image: url(https:\/\/www.leaf.ch\/wp-content\/uploads\/2024\/11\/leaf_gemeindewerke-abfallentsorgung-lastwagen.jpg);\" role=\"img\" aria-label=\"leaf_gemeindewerke1TP9Waste disposal-rucks\"><\/div>\n\t\t\t\t<div class=\"elementor-cta__bg-overlay\"><\/div>\n\t\t\t<\/div>\n\t\t\t\t\t\t\t<div class=\"elementor-cta__content\">\n\t\t\t\t\n\t\t\t\t\t\t\t\t\t<h2 class=\"elementor-cta__title elementor-cta__content-item elementor-content-item\">\n\t\t\t\t\t\tMunicipality-and municipal utilities: Be part of the solution - now you can!\t\t\t\t\t<\/h2>\n\t\t\t\t\n\t\t\t\t\t\t\t\t\t<div class=\"elementor-cta__description elementor-cta__content-item elementor-content-item\">\n\t\t\t\t\t\tWith the LEAF products, you can easily and conveniently reduce the net CO\u2082 emissions of your municipality\/city fleet without investing in new equipment or retrofitting. Nothing changes for your specialists and you gain time to find alternatives in the regular investment cycle.\t\t\t\t\t<\/div>\n\t\t\t\t\n\t\t\t\t\t\t\t<\/div>\n\t\t\t\t\t\t<\/div>\n\t\t\t\t\t\t<\/div>\n\t\t\t\t<\/div>\n\t\t\t\t\t<\/div>\n\t\t<\/div>\n\t\t\t\t\t<\/div>\n\t\t<\/section>\n\t\t\t\t<section class=\"elementor-section elementor-top-section elementor-element elementor-element-47ce191 elementor-section-boxed elementor-section-height-default elementor-section-height-default\" data-id=\"47ce191\" data-element_type=\"section\" data-e-type=\"section\">\n\t\t\t\t\t\t<div class=\"elementor-container elementor-column-gap-no\">\n\t\t\t\t\t<div class=\"elementor-column elementor-col-100 elementor-top-column elementor-element elementor-element-011d9db\" data-id=\"011d9db\" data-element_type=\"column\" data-e-type=\"column\">\n\t\t\t<div class=\"elementor-widget-wrap elementor-element-populated\">\n\t\t\t\t\t\t<div class=\"elementor-element elementor-element-64918e4 elementor-widget elementor-widget-heading\" data-id=\"64918e4\" data-element_type=\"widget\" data-e-type=\"widget\" data-widget_type=\"heading.default\">\n\t\t\t\t<div class=\"elementor-widget-container\">\n\t\t\t\t\t<h5 class=\"elementor-heading-title elementor-size-default\">There is increasing pressure from politicians and the general public to reduce net CO\u2082- emissions. This usually conflicts with practicality. LEAF offers customised solutions for your fleet - from forestry to special vehicles and normal diesel cars. The innovative fuels of the LEAF \"R\" series and LEAF \"B\" series enable you to achieve the required reduction flexibly and cost-effectively, without any investment. <\/h5>\t\t\t\t<\/div>\n\t\t\t\t<\/div>\n\t\t\t\t<div class=\"elementor-element elementor-element-45a1244 elementor-widget elementor-widget-heading\" data-id=\"45a1244\" data-element_type=\"widget\" data-e-type=\"widget\" data-widget_type=\"heading.default\">\n\t\t\t\t<div class=\"elementor-widget-container\">\n\t\t\t\t\t<h4 class=\"elementor-heading-title elementor-size-default\">Lead the way with your municipality\/utility company\n<\/h4>\t\t\t\t<\/div>\n\t\t\t\t<\/div>\n\t\t\t\t<div class=\"elementor-element elementor-element-e937919 elementor-widget elementor-widget-text-editor\" data-id=\"e937919\" data-element_type=\"widget\" data-e-type=\"widget\" data-widget_type=\"text-editor.default\">\n\t\t\t\t<div class=\"elementor-widget-container\">\n\t\t\t\t\t\t\t\t\t<p>Many sustainable solutions today are investment-intensive and have a long investment cycle. LEAF offers a wide range of environmentally friendly fuels that have been specially developed to meet the requirements of modern fleets. From forestry - and special vehicles to trucks and vans or cars \u2013 LEAF products help you to immediately reduce net CO\u2082- emissions \u2013 without investment and retrofitting.<\/p><p>Our fuels such as LEAF R100 and GTL Fuel are also cleaner, more efficient and also reduce the operating costs of your fleet. They offer a significant reduction in net CO\u2082- emissions while helping to extend engine life by keeping engines clean and optimising their performance.<\/p>\t\t\t\t\t\t\t\t<\/div>\n\t\t\t\t<\/div>\n\t\t\t\t<div class=\"elementor-element elementor-element-77b817b elementor-widget elementor-widget-heading\" data-id=\"77b817b\" data-element_type=\"widget\" data-e-type=\"widget\" data-widget_type=\"heading.default\">\n\t\t\t\t<div class=\"elementor-widget-container\">\n\t\t\t\t\t<h4 class=\"elementor-heading-title elementor-size-default\">Advantages at a glance<\/h4>\t\t\t\t<\/div>\n\t\t\t\t<\/div>\n\t\t\t\t<div class=\"elementor-element elementor-element-558e4b9 elementor-align-start elementor-icon-list--layout-traditional elementor-list-item-link-full_width elementor-widget elementor-widget-icon-list\" data-id=\"558e4b9\" data-element_type=\"widget\" data-e-type=\"widget\" data-widget_type=\"icon-list.default\">\n\t\t\t\t<div class=\"elementor-widget-container\">\n\t\t\t\t\t\t\t<ul class=\"elementor-icon-list-items\">\n\t\t\t\t\t\t\t<li class=\"elementor-icon-list-item\">\n\t\t\t\t\t\t\t\t\t\t\t<span class=\"elementor-icon-list-icon\">\n\t\t\t\t\t\t\t<i aria-hidden=\"true\" class=\"fas fa-plus\"><\/i>\t\t\t\t\t\t<\/span>\n\t\t\t\t\t\t\t\t\t\t<span class=\"elementor-icon-list-text\"><b>Reduced emissions:<\/b> LEAF fuels reduce net CO\u2082- emissions by up to 84%, making your existing fleet fit for stricter environmental regulations.<\/span>\n\t\t\t\t\t\t\t\t\t<\/li>\n\t\t\t\t\t\t\t\t<li class=\"elementor-icon-list-item\">\n\t\t\t\t\t\t\t\t\t\t\t<span class=\"elementor-icon-list-icon\">\n\t\t\t\t\t\t\t<i aria-hidden=\"true\" class=\"fas fa-plus\"><\/i>\t\t\t\t\t\t<\/span>\n\t\t\t\t\t\t\t\t\t\t<span class=\"elementor-icon-list-text\"><b>Cost efficiency:<\/b>  LEAF fuels can be used immediately in conventional diesel engines - You can maintain your usual investment cycle<\/span>\n\t\t\t\t\t\t\t\t\t<\/li>\n\t\t\t\t\t\t\t\t<li class=\"elementor-icon-list-item\">\n\t\t\t\t\t\t\t\t\t\t\t<span class=\"elementor-icon-list-icon\">\n\t\t\t\t\t\t\t<i aria-hidden=\"true\" class=\"fas fa-plus\"><\/i>\t\t\t\t\t\t<\/span>\n\t\t\t\t\t\t\t\t\t\t<span class=\"elementor-icon-list-text\"><b>Sustainable raw materials:<\/b>  Biofuels are produced from sustainable raw materials that do not compete with food or animal feed production.<\/span>\n\t\t\t\t\t\t\t\t\t<\/li>\n\t\t\t\t\t\t\t\t<li class=\"elementor-icon-list-item\">\n\t\t\t\t\t\t\t\t\t\t\t<span class=\"elementor-icon-list-icon\">\n\t\t\t\t\t\t\t<i aria-hidden=\"true\" class=\"fas fa-plus\"><\/i>\t\t\t\t\t\t<\/span>\n\t\t\t\t\t\t\t\t\t\t<span class=\"elementor-icon-list-text\"><b>Practice-orientated:<\/b> The LEAF fuel range enables a customised solution - Winter suitability, non-toxic fuels, pure combustion (air cleanliness) and much more.<\/span>\n\t\t\t\t\t\t\t\t\t<\/li>\n\t\t\t\t\t\t\t\t<li class=\"elementor-icon-list-item\">\n\t\t\t\t\t\t\t\t\t\t\t<span class=\"elementor-icon-list-icon\">\n\t\t\t\t\t\t\t<i aria-hidden=\"true\" class=\"fas fa-plus\"><\/i>\t\t\t\t\t\t<\/span>\n\t\t\t\t\t\t\t\t\t\t<span class=\"elementor-icon-list-text\"><b>Compliance with standards:<\/b> All LEAF fuels fulfil the strict European and Swiss standards.<\/span>\n\t\t\t\t\t\t\t\t\t<\/li>\n\t\t\t\t\t\t<\/ul>\n\t\t\t\t\t\t<\/div>\n\t\t\t\t<\/div>\n\t\t\t\t<div class=\"elementor-element elementor-element-b191792 elementor-widget elementor-widget-heading\" data-id=\"b191792\" data-element_type=\"widget\" data-e-type=\"widget\" data-widget_type=\"heading.default\">\n\t\t\t\t<div class=\"elementor-widget-container\">\n\t\t\t\t\t<h4 class=\"elementor-heading-title elementor-size-default\">Why LEAF for your fleet?<\/h4>\t\t\t\t<\/div>\n\t\t\t\t<\/div>\n\t\t\t\t<div class=\"elementor-element elementor-element-1f87bdf elementor-widget elementor-widget-heading\" data-id=\"1f87bdf\" data-element_type=\"widget\" data-e-type=\"widget\" data-widget_type=\"heading.default\">\n\t\t\t\t<div class=\"elementor-widget-container\">\n\t\t\t\t\t<h5 class=\"elementor-heading-title elementor-size-default\">Switching to environmentally friendly fuels from LEAF is more than a decision for sustainability \u2013 it is a decision for the future of your community\/city. Be part of the solution today.\n<\/h5>\t\t\t\t<\/div>\n\t\t\t\t<\/div>\n\t\t\t\t\t<\/div>\n\t\t<\/div>\n\t\t\t\t\t<\/div>\n\t\t<\/section>\n\t\t\t\t<\/div>","protected":false},"excerpt":{"rendered":"<p>Gemeinde-und Stadtwerke: Seien Sie ein Teil der L\u00f6sung &#8211; ab sofort k\u00f6nnen Sie das! Mit den LEAF Produkten k\u00f6nnen Sie die Netto CO\u2082-Emissionen ihrer Gemeinde\/Stadt Flotte ohne Investitionen in Neues oder Umr\u00fcstung einfach und bequem senken. Es \u00e4ndert sich f\u00fcr Ihre Fachkr\u00e4fte nichts und Sie gewinnen Zeit im ordentlichen Investitionszyklus Alternativen zu finden. Aus der [&hellip;]<\/p>\n","protected":false},"author":6,"featured_media":290,"parent":1057,"menu_order":0,"comment_status":"closed","ping_status":"closed","template":"","meta":{"footnotes":""},"categories":[11],"tags":[],"class_list":["post-1167","page","type-page","status-publish","has-post-thumbnail","hentry","category-ihr-konzept"],"yoast_head":"<!-- This site is optimized with the Yoast SEO plugin v27.3 - https:\/\/yoast.com\/product\/yoast-seo-wordpress\/ -->\n<title>Gemeinde- und Stadtwerke - LEAF<\/title>\n<meta name=\"robots\" content=\"index, follow, max-snippet:-1, max-image-preview:large, max-video-preview:-1\" \/>\n<link rel=\"canonical\" href=\"https:\/\/www.leaf.ch\/en\/concepts\/municipality-and-municipal-utilities\/\" \/>\n<meta property=\"og:locale\" content=\"en_GB\" \/>\n<meta property=\"og:type\" content=\"article\" \/>\n<meta property=\"og:title\" content=\"Gemeinde- und Stadtwerke - LEAF\" \/>\n<meta property=\"og:description\" content=\"Gemeinde-und Stadtwerke: Seien Sie ein Teil der L\u00f6sung &#8211; ab sofort k\u00f6nnen Sie das! Mit den LEAF Produkten k\u00f6nnen Sie die Netto CO\u2082-Emissionen ihrer Gemeinde\/Stadt Flotte ohne Investitionen in Neues oder Umr\u00fcstung einfach und bequem senken. Es \u00e4ndert sich f\u00fcr Ihre Fachkr\u00e4fte nichts und Sie gewinnen Zeit im ordentlichen Investitionszyklus Alternativen zu finden. Aus der [&hellip;]\" \/>\n<meta property=\"og:url\" content=\"https:\/\/www.leaf.ch\/en\/concepts\/municipality-and-municipal-utilities\/\" \/>\n<meta property=\"og:site_name\" content=\"LEAF\" \/>\n<meta property=\"article:modified_time\" content=\"2025-03-11T13:39:11+00:00\" \/>\n<meta property=\"og:image\" content=\"https:\/\/www.leaf.ch\/wp-content\/uploads\/2022\/09\/placeholder-2.png\" \/>\n\t<meta property=\"og:image:width\" content=\"1200\" \/>\n\t<meta property=\"og:image:height\" content=\"800\" \/>\n\t<meta property=\"og:image:type\" content=\"image\/png\" \/>\n<meta name=\"twitter:card\" content=\"summary_large_image\" \/>\n<meta name=\"twitter:label1\" content=\"Estimated reading time\" \/>\n\t<meta name=\"twitter:data1\" content=\"2 minutes\" \/>\n<script type=\"application\/ld+json\" class=\"yoast-schema-graph\">{\"@context\":\"https:\\\/\\\/schema.org\",\"@graph\":[{\"@type\":\"WebPage\",\"@id\":\"https:\\\/\\\/www.leaf.ch\\\/konzepte\\\/gemeinde-und-stadtwerke\\\/\",\"url\":\"https:\\\/\\\/www.leaf.ch\\\/konzepte\\\/gemeinde-und-stadtwerke\\\/\",\"name\":\"Gemeinde- und Stadtwerke - LEAF\",\"isPartOf\":{\"@id\":\"https:\\\/\\\/www.leaf.ch\\\/#website\"},\"primaryImageOfPage\":{\"@id\":\"https:\\\/\\\/www.leaf.ch\\\/konzepte\\\/gemeinde-und-stadtwerke\\\/#primaryimage\"},\"image\":{\"@id\":\"https:\\\/\\\/www.leaf.ch\\\/konzepte\\\/gemeinde-und-stadtwerke\\\/#primaryimage\"},\"thumbnailUrl\":\"https:\\\/\\\/www.leaf.ch\\\/wp-content\\\/uploads\\\/2022\\\/09\\\/placeholder-2.png\",\"datePublished\":\"2024-09-11T15:15:14+00:00\",\"dateModified\":\"2025-03-11T13:39:11+00:00\",\"breadcrumb\":{\"@id\":\"https:\\\/\\\/www.leaf.ch\\\/konzepte\\\/gemeinde-und-stadtwerke\\\/#breadcrumb\"},\"inLanguage\":\"en-GB\",\"potentialAction\":[{\"@type\":\"ReadAction\",\"target\":[\"https:\\\/\\\/www.leaf.ch\\\/konzepte\\\/gemeinde-und-stadtwerke\\\/\"]}]},{\"@type\":\"ImageObject\",\"inLanguage\":\"en-GB\",\"@id\":\"https:\\\/\\\/www.leaf.ch\\\/konzepte\\\/gemeinde-und-stadtwerke\\\/#primaryimage\",\"url\":\"https:\\\/\\\/www.leaf.ch\\\/wp-content\\\/uploads\\\/2022\\\/09\\\/placeholder-2.png\",\"contentUrl\":\"https:\\\/\\\/www.leaf.ch\\\/wp-content\\\/uploads\\\/2022\\\/09\\\/placeholder-2.png\",\"width\":1200,\"height\":800},{\"@type\":\"BreadcrumbList\",\"@id\":\"https:\\\/\\\/www.leaf.ch\\\/konzepte\\\/gemeinde-und-stadtwerke\\\/#breadcrumb\",\"itemListElement\":[{\"@type\":\"ListItem\",\"position\":1,\"name\":\"Startseite\",\"item\":\"https:\\\/\\\/www.leaf.ch\\\/\"},{\"@type\":\"ListItem\",\"position\":2,\"name\":\"Konzepte\",\"item\":\"https:\\\/\\\/www.leaf.ch\\\/konzepte\\\/\"},{\"@type\":\"ListItem\",\"position\":3,\"name\":\"Gemeinde- und Stadtwerke\"}]},{\"@type\":\"WebSite\",\"@id\":\"https:\\\/\\\/www.leaf.ch\\\/#website\",\"url\":\"https:\\\/\\\/www.leaf.ch\\\/\",\"name\":\"LEAF\",\"description\":\"Fueling the Future\",\"publisher\":{\"@id\":\"https:\\\/\\\/www.leaf.ch\\\/#organization\"},\"potentialAction\":[{\"@type\":\"SearchAction\",\"target\":{\"@type\":\"EntryPoint\",\"urlTemplate\":\"https:\\\/\\\/www.leaf.ch\\\/?s={search_term_string}\"},\"query-input\":{\"@type\":\"PropertyValueSpecification\",\"valueRequired\":true,\"valueName\":\"search_term_string\"}}],\"inLanguage\":\"en-GB\"},{\"@type\":\"Organization\",\"@id\":\"https:\\\/\\\/www.leaf.ch\\\/#organization\",\"name\":\"LEAF\",\"url\":\"https:\\\/\\\/www.leaf.ch\\\/\",\"logo\":{\"@type\":\"ImageObject\",\"inLanguage\":\"en-GB\",\"@id\":\"https:\\\/\\\/www.leaf.ch\\\/#\\\/schema\\\/logo\\\/image\\\/\",\"url\":\"https:\\\/\\\/www.leaf.ch\\\/wp-content\\\/uploads\\\/2022\\\/09\\\/leaf_logo_hor.svg\",\"contentUrl\":\"https:\\\/\\\/www.leaf.ch\\\/wp-content\\\/uploads\\\/2022\\\/09\\\/leaf_logo_hor.svg\",\"width\":263,\"height\":82,\"caption\":\"LEAF\"},\"image\":{\"@id\":\"https:\\\/\\\/www.leaf.ch\\\/#\\\/schema\\\/logo\\\/image\\\/\"}}]}<\/script>\n<!-- \/ Yoast SEO plugin. -->","yoast_head_json":{"title":"Municipality - and municipal utilities - LEAF","robots":{"index":"index","follow":"follow","max-snippet":"max-snippet:-1","max-image-preview":"max-image-preview:large","max-video-preview":"max-video-preview:-1"},"canonical":"https:\/\/www.leaf.ch\/en\/concepts\/municipality-and-municipal-utilities\/","og_locale":"en_GB","og_type":"article","og_title":"Gemeinde- und Stadtwerke - LEAF","og_description":"Gemeinde-und Stadtwerke: Seien Sie ein Teil der L\u00f6sung &#8211; ab sofort k\u00f6nnen Sie das! Mit den LEAF Produkten k\u00f6nnen Sie die Netto CO\u2082-Emissionen ihrer Gemeinde\/Stadt Flotte ohne Investitionen in Neues oder Umr\u00fcstung einfach und bequem senken. Es \u00e4ndert sich f\u00fcr Ihre Fachkr\u00e4fte nichts und Sie gewinnen Zeit im ordentlichen Investitionszyklus Alternativen zu finden. Aus der [&hellip;]","og_url":"https:\/\/www.leaf.ch\/en\/concepts\/municipality-and-municipal-utilities\/","og_site_name":"LEAF","article_modified_time":"2025-03-11T13:39:11+00:00","og_image":[{"width":1200,"height":800,"url":"https:\/\/www.leaf.ch\/wp-content\/uploads\/2022\/09\/placeholder-2.png","type":"image\/png"}],"twitter_card":"summary_large_image","twitter_misc":{"Estimated reading time":"2 minutes"},"schema":{"@context":"https:\/\/schema.org","@graph":[{"@type":"WebPage","@id":"https:\/\/www.leaf.ch\/konzepte\/gemeinde-und-stadtwerke\/","url":"https:\/\/www.leaf.ch\/konzepte\/gemeinde-und-stadtwerke\/","name":"Municipality - and municipal utilities - LEAF","isPartOf":{"@id":"https:\/\/www.leaf.ch\/#website"},"primaryImageOfPage":{"@id":"https:\/\/www.leaf.ch\/konzepte\/gemeinde-und-stadtwerke\/#primaryimage"},"image":{"@id":"https:\/\/www.leaf.ch\/konzepte\/gemeinde-und-stadtwerke\/#primaryimage"},"thumbnailUrl":"https:\/\/www.leaf.ch\/wp-content\/uploads\/2022\/09\/placeholder-2.png","datePublished":"2024-09-11T15:15:14+00:00","dateModified":"2025-03-11T13:39:11+00:00","breadcrumb":{"@id":"https:\/\/www.leaf.ch\/konzepte\/gemeinde-und-stadtwerke\/#breadcrumb"},"inLanguage":"en-GB","potentialAction":[{"@type":"ReadAction","target":["https:\/\/www.leaf.ch\/konzepte\/gemeinde-und-stadtwerke\/"]}]},{"@type":"ImageObject","inLanguage":"en-GB","@id":"https:\/\/www.leaf.ch\/konzepte\/gemeinde-und-stadtwerke\/#primaryimage","url":"https:\/\/www.leaf.ch\/wp-content\/uploads\/2022\/09\/placeholder-2.png","contentUrl":"https:\/\/www.leaf.ch\/wp-content\/uploads\/2022\/09\/placeholder-2.png","width":1200,"height":800},{"@type":"BreadcrumbList","@id":"https:\/\/www.leaf.ch\/konzepte\/gemeinde-und-stadtwerke\/#breadcrumb","itemListElement":[{"@type":"ListItem","position":1,"name":"Startseite","item":"https:\/\/www.leaf.ch\/"},{"@type":"ListItem","position":2,"name":"Konzepte","item":"https:\/\/www.leaf.ch\/konzepte\/"},{"@type":"ListItem","position":3,"name":"Gemeinde- und Stadtwerke"}]},{"@type":"WebSite","@id":"https:\/\/www.leaf.ch\/#website","url":"https:\/\/www.leaf.ch\/","name":"LEAF","description":"Fueling the Future","publisher":{"@id":"https:\/\/www.leaf.ch\/#organization"},"potentialAction":[{"@type":"SearchAction","target":{"@type":"EntryPoint","urlTemplate":"https:\/\/www.leaf.ch\/?s={search_term_string}"},"query-input":{"@type":"PropertyValueSpecification","valueRequired":true,"valueName":"search_term_string"}}],"inLanguage":"en-GB"},{"@type":"Organization","@id":"https:\/\/www.leaf.ch\/#organization","name":"LEAF","url":"https:\/\/www.leaf.ch\/","logo":{"@type":"ImageObject","inLanguage":"en-GB","@id":"https:\/\/www.leaf.ch\/#\/schema\/logo\/image\/","url":"https:\/\/www.leaf.ch\/wp-content\/uploads\/2022\/09\/leaf_logo_hor.svg","contentUrl":"https:\/\/www.leaf.ch\/wp-content\/uploads\/2022\/09\/leaf_logo_hor.svg","width":263,"height":82,"caption":"LEAF"},"image":{"@id":"https:\/\/www.leaf.ch\/#\/schema\/logo\/image\/"}}]}},"_links":{"self":[{"href":"https:\/\/www.leaf.ch\/en\/wp-json\/wp\/v2\/pages\/1167","targetHints":{"allow":["GET"]}}],"collection":[{"href":"https:\/\/www.leaf.ch\/en\/wp-json\/wp\/v2\/pages"}],"about":[{"href":"https:\/\/www.leaf.ch\/en\/wp-json\/wp\/v2\/types\/page"}],"author":[{"embeddable":true,"href":"https:\/\/www.leaf.ch\/en\/wp-json\/wp\/v2\/users\/6"}],"replies":[{"embeddable":true,"href":"https:\/\/www.leaf.ch\/en\/wp-json\/wp\/v2\/comments?post=1167"}],"version-history":[{"count":0,"href":"https:\/\/www.leaf.ch\/en\/wp-json\/wp\/v2\/pages\/1167\/revisions"}],"up":[{"embeddable":true,"href":"https:\/\/www.leaf.ch\/en\/wp-json\/wp\/v2\/pages\/1057"}],"wp:featuredmedia":[{"embeddable":true,"href":"https:\/\/www.leaf.ch\/en\/wp-json\/wp\/v2\/media\/290"}],"wp:attachment":[{"href":"https:\/\/www.leaf.ch\/en\/wp-json\/wp\/v2\/media?parent=1167"}],"wp:term":[{"taxonomy":"category","embeddable":true,"href":"https:\/\/www.leaf.ch\/en\/wp-json\/wp\/v2\/categories?post=1167"},{"taxonomy":"post_tag","embeddable":true,"href":"https:\/\/www.leaf.ch\/en\/wp-json\/wp\/v2\/tags?post=1167"}],"curies":[{"name":"wp","href":"https:\/\/api.w.org\/{rel}","templated":true}]}}